{"id":5281,"date":"2022-11-14T12:14:51","date_gmt":"2022-11-14T12:14:51","guid":{"rendered":"https:\/\/marblex.peacefulqode.com\/?page_id=5281"},"modified":"2025-03-18T16:26:43","modified_gmt":"2025-03-18T08:26:43","slug":"gallery","status":"publish","type":"page","link":"https:\/\/loongsurfaces.com\/es\/gallery\/","title":{"rendered":"gallery"},"content":{"rendered":"<div class=\"banner has-hover\" id=\"banner-1066826959\">\n          <div class=\"banner-inner fill\">\n        <div class=\"banner-bg fill\" >\n            <img loading=\"lazy\" decoding=\"async\" width=\"1000\" height=\"429\" src=\"https:\/\/loongsurfaces.com\/wp-content\/uploads\/China-Granite-Manufacturers-Suppliers-Granite-Factory.jpg\" class=\"bg attachment-large size-large\" alt=\"\" \/>                                    \n                    <\/div>\n\t\t\n        <div class=\"banner-layers container\">\n            <div class=\"fill banner-link\"><\/div>            \n\n   <div id=\"text-box-855630848\" class=\"text-box banner-layer x50 md-x50 lg-x50 y50 md-y50 lg-y50 res-text\">\n                                <div class=\"text-box-content text dark\">\n              \n              <div class=\"text-inner text-center\">\n                  \n\n<h3 class=\"LC20lb MBeuO DKV0Md\">Galer\u00eda<\/h3>\n<p>The loong stone gallery offers an exciting and innovative range of stone product stock photos and inspiration.<\/p>\n\n              <\/div>\n           <\/div>\n                            \n<style>\n#text-box-855630848 {\n  width: 60%;\n}\n#text-box-855630848 .text-box-content {\n  font-size: 100%;\n}\n<\/style>\n    <\/div>\n \n\n        <\/div>\n      <\/div>\n\n            \n<style>\n#banner-1066826959 {\n  padding-top: 500px;\n  background-color: rgb(255,255,255);\n}\n<\/style>\n  <\/div>\n\n\n<div class=\"row\"  id=\"row-2097866561\">\n\n\n\t<div id=\"col-1918892730\" class=\"col small-12 large-12\"  >\n\t\t\t\t<div class=\"col-inner\"  >\n\t\t\t\n\t\t\t\n\n<!-- Elfsight Instagram Feed | Untitled Instagram Feed -->\n<script src=\"https:\/\/static.elfsight.com\/platform\/platform.js\" async><\/script>\n<div class=\"elfsight-app-6d102e98-34c8-4485-b082-bc218cecd350\" data-elfsight-app-lazy><\/div>\n\n\t\t<\/div>\n\t\t\t\t\t<\/div>\n\n\t\n\n<\/div>\n<div class=\"row\"  id=\"row-464537489\">\n\n\n\t<div id=\"col-1244802541\" class=\"col medium-6 small-12 large-6\"  >\n\t\t\t\t<div class=\"col-inner\"  >\n\t\t\t\n\t\t\t\n\n<div class=\"fusion-title title fusion-title-3 fusion-sep-none fusion-title-text fusion-title-size-two\">\n<h3><span class=\"Y2IQFc\" lang=\"en\">ENV\u00cdANOS UN MENSAJE<\/span><\/h3>\n<p><span style=\"text-align: var(--text-align);\">Obtenga el precio de f\u00e1brica ahora<br \/>\u00bfEst\u00e1 interesado en obtener m\u00e1s informaci\u00f3n sobre oportunidades de asociaci\u00f3n o en obtener una cotizaci\u00f3n? Complete el formulario a continuaci\u00f3n o cont\u00e1ctenos directamente. \u00a1Nuestro equipo est\u00e1 listo para ayudarlo!<\/span><\/p>\n<\/div>\n\n<div class=\"wpcf7 no-js\" id=\"wpcf7-f8752-o1\" lang=\"en-US\" dir=\"ltr\" data-wpcf7-id=\"8752\">\n<div class=\"screen-reader-response\"><p role=\"status\" aria-live=\"polite\" aria-atomic=\"true\"><\/p> <ul><\/ul><\/div>\n<form action=\"\/es\/wp-json\/wp\/v2\/pages\/5281#wpcf7-f8752-o1\" method=\"post\" class=\"wpcf7-form init\" aria-label=\"Contact form\" novalidate=\"novalidate\" data-status=\"init\" data-trp-original-action=\"\/es\/wp-json\/wp\/v2\/pages\/5281#wpcf7-f8752-o1\">\n<fieldset class=\"hidden-fields-container\"><input type=\"hidden\" name=\"_wpcf7\" value=\"8752\" \/><input type=\"hidden\" name=\"_wpcf7_version\" value=\"6.1.1\" \/><input type=\"hidden\" name=\"_wpcf7_locale\" value=\"en_US\" \/><input type=\"hidden\" name=\"_wpcf7_unit_tag\" value=\"wpcf7-f8752-o1\" \/><input type=\"hidden\" name=\"_wpcf7_container_post\" value=\"0\" \/><input type=\"hidden\" name=\"_wpcf7_posted_data_hash\" value=\"\" \/><input type=\"hidden\" name=\"_wpcf7_recaptcha_response\" value=\"\" \/>\n<\/fieldset>\n<div class=\"form-flat\">\n\t<p><span class=\"wpcf7-form-control-wrap\" data-name=\"your-name\"><input size=\"40\" maxlength=\"400\" class=\"wpcf7-form-control wpcf7-text wpcf7-validates-as-required\" aria-required=\"true\" aria-invalid=\"false\" placeholder=\"Su nombre (obligatorio)\" value=\"\" type=\"text\" name=\"your-name\" \/><\/span><br \/>\n<span class=\"wpcf7-form-control-wrap\" data-name=\"your-email\"><input size=\"40\" maxlength=\"400\" class=\"wpcf7-form-control wpcf7-email wpcf7-validates-as-required wpcf7-text wpcf7-validates-as-email\" aria-required=\"true\" aria-invalid=\"false\" placeholder=\"Su correo electr\u00f3nico (obligatorio)\" value=\"\" type=\"email\" name=\"your-email\" \/><\/span>\n\t<\/p>\n\t<p><span class=\"wpcf7-form-control-wrap\" data-name=\"your-tels\"><input size=\"40\" maxlength=\"400\" class=\"wpcf7-form-control wpcf7-tel wpcf7-text wpcf7-validates-as-tel\" aria-invalid=\"false\" placeholder=\"Tu Tel (Opcional)\" value=\"\" type=\"tel\" name=\"your-tels\" \/><\/span>\n\t<\/p>\n\t<p><span class=\"wpcf7-form-control-wrap\" data-name=\"your-message\"><textarea cols=\"40\" rows=\"10\" maxlength=\"2000\" class=\"wpcf7-form-control wpcf7-textarea\" aria-invalid=\"false\" placeholder=\"Para obtener el mejor resultado, recomendamos incluir los siguientes detalles: - Presentaci\u00f3n personal - Art\u00edculos o servicios requeridos - Cantidad requerida\" name=\"your-message\"><\/textarea><\/span>\n\t<\/p>\n\t<p>Consultor\u00eda de negocios:*<br \/>\n<span class=\"wpcf7-form-control-wrap\" data-name=\"checkbox\"><span class=\"wpcf7-form-control wpcf7-checkbox wpcf7-validates-as-required wpcf7-exclusive-checkbox\"><span class=\"wpcf7-list-item first\"><label><input type=\"checkbox\" name=\"checkbox\" value=\"Quotation\" \/><span class=\"wpcf7-list-item-label\">Cotizaci\u00f3n<\/span><\/label><\/span><span class=\"wpcf7-list-item\"><label><input type=\"checkbox\" name=\"checkbox\" value=\"Catalog\" \/><span class=\"wpcf7-list-item-label\">Catalogar<\/span><\/label><\/span><span class=\"wpcf7-list-item\"><label><input type=\"checkbox\" name=\"checkbox\" value=\"Service Support\" \/><span class=\"wpcf7-list-item-label\">Soporte de servicio<\/span><\/label><\/span><span class=\"wpcf7-list-item\"><label><input type=\"checkbox\" name=\"checkbox\" value=\"Project\" \/><span class=\"wpcf7-list-item-label\">Proyecto<\/span><\/label><\/span><span class=\"wpcf7-list-item last\"><label><input type=\"checkbox\" name=\"checkbox\" value=\"I am interested in becoming an agent\" \/><span class=\"wpcf7-list-item-label\">Estoy interesado en convertirme en agente<\/span><\/label><\/span><\/span><\/span><br \/>\n<input class=\"wpcf7-form-control wpcf7-submit has-spinner button\" type=\"submit\" value=\"Entregar\" \/>\n\t<\/p>\n<\/div><div class=\"wpcf7-response-output\" aria-hidden=\"true\"><\/div>\n<input type=\"hidden\" name=\"trp-form-language\" value=\"es\"\/><\/form>\n<\/div>\n\n\n\n\t\t<\/div>\n\t\t\t\t\t<\/div>\n\n\t\n\n\t<div id=\"col-414662735\" class=\"col medium-6 small-12 large-6\"  >\n\t\t\t\t<div class=\"col-inner\"  >\n\t\t\t\n\t\t\t\n\n<div class=\"container section-title-container\">\n<h3>CONT\u00c1CTENOS<\/h3>\n<p><span style=\"text-align: var(--text-align);\">Si tiene alguna pregunta sobre alguno de nuestros productos o necesita contactarnos por cualquier otro motivo, complete este formulario a continuaci\u00f3n y nos comunicaremos con usted lo antes posible.<br \/><\/span><\/p>\n<p style=\"margin-bottom: 1.3em; color: #141313; font-family: Montserrat, sans-serif; font-size: medium; text-transform: none; white-space-collapse: collapse;\"><span style=\"font-weight: bolder;\">Ll\u00e1manos:<\/span>\u00a0<a style=\"background-color: transparent; touch-action: manipulation; color: #4ea3ed;\" href=\"https:\/\/api.whatsapp.com\/send?phone=8613902807851\" target=\"_blank\" rel=\"noopener\">+86 13902807851<\/a><br style=\"margin-bottom: 1.3em; color: #141313; font-family: Montserrat, sans-serif; font-size: medium; text-transform: none; white-space-collapse: collapse;\" \/><span style=\"font-weight: bolder;\">Env\u00edenos un correo electr\u00f3nico:<\/span>\u00a0<a style=\"background-color: transparent; touch-action: manipulation; color: #4ea3ed;\" href=\"mailto:info@loongsurfaces.com\">+info@loongsurfaces.com<\/a><\/p>\n<p>Direcci\u00f3n: Cerca de la estaci\u00f3n de polic\u00eda de tr\u00e1fico de Xiadong, ciudad de Silao, Yuncheng, ciudad de Yunfu, 527327, Guangdong, China<\/p>\n<p class=\"nitro-offscreen\" style=\"margin-bottom: 1.3em; color: #141313; font-family: Montserrat, sans-serif; font-size: medium; text-transform: none; white-space-collapse: collapse;\"><span style=\"font-weight: bolder;\">Base de producci\u00f3n:<\/span>\u00a0Condado de Shi Shan, ciudad de Fo Shan, provincia de Guangdong<\/p>\n<p class=\"nitro-offscreen\" style=\"margin-bottom: 1.3em; color: #141313; font-family: Montserrat, sans-serif; font-size: medium; text-transform: none; white-space-collapse: collapse;\"><span style=\"font-weight: bolder;\">Enlace amigable:<br \/><a style=\"background-color: transparent; touch-action: manipulation; color: #4ea3ed;\" href=\"https:\/\/loongsurfaces.com\/es\/\">https:\/\/loongsurfaces.com<\/a><\/span><span style=\"font-weight: bolder;\"><br \/><a style=\"background-color: transparent; touch-action: manipulation; color: #4ea3ed;\" href=\"https:\/\/www.filodio.com\/\" target=\"_blank\" rel=\"noopener\">https:\/\/www.filodio.com<\/a><\/span><\/p>\n<\/div>\n<div class=\"social-icons follow-icons\" ><a href=\"https:\/\/www.facebook.com\/loongsurfaces\" target=\"_blank\" data-label=\"Facebook\" class=\"icon primary button circle facebook tooltip\" title=\"S\u00edguenos en Facebook\" aria-label=\"S\u00edguenos en Facebook\" rel=\"noopener nofollow\"><i class=\"icon-facebook\" ><\/i><\/a><a href=\"https:\/\/www.instagram.com\/loongsurfaces\/\" target=\"_blank\" data-label=\"Instagram\" class=\"icon primary button circle instagram tooltip\" title=\"S\u00edguenos en Instagram\" aria-label=\"S\u00edguenos en Instagram\" rel=\"noopener nofollow\"><i class=\"icon-instagram\" ><\/i><\/a><a href=\"https:\/\/www.tiktok.com\/@loongsurfaces\" target=\"_blank\" data-label=\"TikTok\" class=\"icon primary button circle tiktok tooltip\" title=\"S\u00edguenos en TikTok\" aria-label=\"S\u00edguenos en TikTok\" rel=\"noopener nofollow\"><i class=\"icon-tiktok\" ><\/i><\/a><a href=\"https:\/\/twitter.com\/loongsurfaces\" data-label=\"Twitter\" target=\"_blank\" class=\"icon primary button circle twitter tooltip\" title=\"S\u00edguenos en Twitter\" aria-label=\"S\u00edguenos en Twitter\" rel=\"noopener nofollow\"><i class=\"icon-twitter\" ><\/i><\/a><a href=\"https:\/\/www.pinterest.com\/loongsurfaces\" data-label=\"Pinterest\" target=\"_blank\" class=\"icon primary button circle pinterest tooltip\" title=\"S\u00edguenos en Pinterest\" aria-label=\"S\u00edguenos en Pinterest\" rel=\"noopener nofollow\"><i class=\"icon-pinterest\" ><\/i><\/a><a href=\"https:\/\/www.linkedin.com\/company\/loongsurfaces\" data-label=\"LinkedIn\" target=\"_blank\" class=\"icon primary button circle linkedin tooltip\" title=\"S\u00edguenos en LinkedIn\" aria-label=\"S\u00edguenos en LinkedIn\" rel=\"noopener nofollow\"><i class=\"icon-linkedin\" ><\/i><\/a><a href=\"https:\/\/www.youtube.com\/@loongsurfaces\" data-label=\"YouTube\" target=\"_blank\" class=\"icon primary button circle youtube tooltip\" title=\"S\u00edguenos en Youtube\" aria-label=\"S\u00edguenos en Youtube\" rel=\"noopener nofollow\"><i class=\"icon-youtube\" ><\/i><\/a><\/div>\n\n\n\t\t<\/div>\n\t\t\t\t\t<\/div>\n\n\t\n\n<\/div>","protected":false},"excerpt":{"rendered":"","protected":false},"author":2,"featured_media":0,"parent":0,"menu_order":0,"comment_status":"closed","ping_status":"closed","template":"page-blank.php","meta":{"_acf_changed":false,"footnotes":""},"class_list":["post-5281","page","type-page","status-publish","hentry"],"acf":[],"_hostinger_reach_plugin_has_subscription_block":false,"_hostinger_reach_plugin_is_elementor":false,"_links":{"self":[{"href":"https:\/\/loongsurfaces.com\/es\/wp-json\/wp\/v2\/pages\/5281","targetHints":{"allow":["GET"]}}],"collection":[{"href":"https:\/\/loongsurfaces.com\/es\/wp-json\/wp\/v2\/pages"}],"about":[{"href":"https:\/\/loongsurfaces.com\/es\/wp-json\/wp\/v2\/types\/page"}],"author":[{"embeddable":true,"href":"https:\/\/loongsurfaces.com\/es\/wp-json\/wp\/v2\/users\/2"}],"replies":[{"embeddable":true,"href":"https:\/\/loongsurfaces.com\/es\/wp-json\/wp\/v2\/comments?post=5281"}],"version-history":[{"count":22,"href":"https:\/\/loongsurfaces.com\/es\/wp-json\/wp\/v2\/pages\/5281\/revisions"}],"predecessor-version":[{"id":10078,"href":"https:\/\/loongsurfaces.com\/es\/wp-json\/wp\/v2\/pages\/5281\/revisions\/10078"}],"wp:attachment":[{"href":"https:\/\/loongsurfaces.com\/es\/wp-json\/wp\/v2\/media?parent=5281"}],"curies":[{"name":"wp","href":"https:\/\/api.w.org\/{rel}","templated":true}]}}