{"id":8197,"date":"2024-10-17T14:18:54","date_gmt":"2024-10-17T06:18:54","guid":{"rendered":"https:\/\/loongsurfaces.com\/?post_type=product&#038;p=8197"},"modified":"2024-10-17T14:18:54","modified_gmt":"2024-10-17T06:18:54","slug":"edge-white-engineered-marble-flooring-for-decoration","status":"publish","type":"product","link":"https:\/\/loongsurfaces.com\/es\/producto\/edge-white-engineered-marble-flooring-for-decoration\/","title":{"rendered":"Edge White Engineered Marble Flooring for Decoration"},"content":{"rendered":"<p><img loading=\"lazy\" decoding=\"async\" class=\"alignnone size-medium wp-image-8199\" src=\"https:\/\/loongsurfaces.com\/wp-content\/uploads\/Edge-White-Engineered-Marble-Flooring-for-Decoration-533x400.jpg\" alt=\"\" width=\"533\" height=\"400\" srcset=\"https:\/\/loongsurfaces.com\/wp-content\/uploads\/Edge-White-Engineered-Marble-Flooring-for-Decoration-533x400.jpg 533w, https:\/\/loongsurfaces.com\/wp-content\/uploads\/Edge-White-Engineered-Marble-Flooring-for-Decoration-510x383.jpg 510w, https:\/\/loongsurfaces.com\/wp-content\/uploads\/Edge-White-Engineered-Marble-Flooring-for-Decoration-1067x800.jpg 1067w, https:\/\/loongsurfaces.com\/wp-content\/uploads\/Edge-White-Engineered-Marble-Flooring-for-Decoration-768x576.jpg 768w, https:\/\/loongsurfaces.com\/wp-content\/uploads\/Edge-White-Engineered-Marble-Flooring-for-Decoration-1536x1152.jpg 1536w, https:\/\/loongsurfaces.com\/wp-content\/uploads\/Edge-White-Engineered-Marble-Flooring-for-Decoration.jpg 2000w\" sizes=\"auto, (max-width: 533px) 100vw, 533px\" \/><\/p>\n<p><a href=\"https:\/\/loongsurfaces.com\/es\/engineered-marble\/\">Engineered Mable<\/a> offers a multitude of advantages that make it a highly favored material in various applications, including countertops, flooring, and decorative elements.<\/p>\n<p>Customizability: One of the most significant advantages of artificial stone is its high degree of customizability. It can be manufactured to mimic the look of various natural stones like marble, granite, and quartz, while also offering a wide range of colors, textures, and finishes to suit individual preferences.<\/p>\n<p>Engineered marble combines durability, aesthetic appeal, customizability, ease of maintenance, making it a versatile and highly desirable material for a multitude of projects.<\/p>\n<p>Loong Stone es un fabricante y exportador de las mejores piedras naturales y artificiales, que ofrece la mayor selecci\u00f3n de losas de primera calidad y proyectos prefabricados, incluidos m\u00e1rmol, \u00f3nix, granito, piedra de cuarzo, m\u00e1rmol artificial, terrazo y piedra sinterizada, as\u00ed como soporte de certificaci\u00f3n. Como expertos en piedras de alta calidad, hemos estado sirviendo al mercado global durante a\u00f1os.<\/p>\n<p>Contamos con una base de producci\u00f3n profesional propia a gran escala donde podemos cortar cualquier losa de piedra original y darle cualquier forma que desee f\u00edsicamente. Con cortadores lineales infrarrojos, cortadores de agujeros CNC, chorros de agua, biseladores de inglete, perfiladores de bordes y pulidores de acabado de bordes combinados con nuestro equipo calificado, somos capaces de cumplir e implementar sus ideas a fondo. \u00a1Lo que necesitamos son solo sus dibujos detallados o incluso ideas creativas!<\/p>","protected":false},"excerpt":{"rendered":"<table style=\"height: 289px;\" width=\"417\">\n<tbody>\n<tr>\n<td width=\"127\">Brand\uff1a<\/td>\n<td style=\"text-align: left;\" width=\"405\">LOONG STONE<\/td>\n<\/tr>\n<tr>\n<td width=\"127\">Material\uff1a<\/td>\n<td style=\"text-align: left;\" width=\"405\">M\u00e1rmol de ingenier\u00eda<\/td>\n<\/tr>\n<tr>\n<td width=\"127\">SKU\uff1a<\/td>\n<td style=\"text-align: left;\" width=\"405\">GSBY-MS3956<\/td>\n<\/tr>\n<tr>\n<td width=\"127\">Color\uff1a<\/td>\n<td style=\"text-align: left;\" width=\"405\">Grey; White<\/td>\n<\/tr>\n<tr>\n<td width=\"127\">Product:<\/td>\n<td style=\"text-align: left;\" width=\"405\">Dry-hangs, Cut-to-Sizes, Panels, Slabs, Tops, Blocks, Pavings, Kerbs, etc<\/td>\n<\/tr>\n<tr>\n<td width=\"127\">Size\uff08mm\uff09\uff1a<\/td>\n<td style=\"text-align: left;\" width=\"405\">L3200mm*W1600mm, L3000mm*W1400mm<\/td>\n<\/tr>\n<tr>\n<td width=\"127\">Thickness(mm)<\/td>\n<td style=\"text-align: left;\" width=\"405\">6mm, 9mm, 12mm, 15mm<\/td>\n<\/tr>\n<tr>\n<td width=\"127\">Finish Type\uff1a<\/td>\n<td style=\"text-align: left;\" width=\"405\">Polished \/ Matt<\/td>\n<\/tr>\n<tr>\n<td width=\"127\">Application:<\/td>\n<td style=\"text-align: left;\" width=\"405\">Vanity Tops, Wall Veneer, Commercial Flooring, Stairs, Window Sills<\/td>\n<\/tr>\n<tr>\n<td width=\"127\">Origin:<\/td>\n<td style=\"text-align: left;\" width=\"405\">China<\/td>\n<\/tr>\n<\/tbody>\n<\/table>\n\t<a class=\"paoc-popup-click paoc-popup-cust-6537 paoc-popup-button paoc-popup-btn\" href=\"javascript:void(0);\">Contact  US<\/a>\r\n\u00a0 \u00a0 \u00a0 \u00a0 \u00a0 \u00a0<a href=\"https:\/\/api.whatsapp.com\/send?phone=8617708695534\"><img loading=\"lazy\" decoding=\"async\" class=\"alignnone size-full wp-image-6536\" src=\"https:\/\/loongsurfaces.com\/wp-content\/uploads\/2022\/11\/WhatsApp-8613902807851.png\" alt=\"\" width=\"150\" height=\"35\" \/><\/a><\/p>","protected":false},"featured_media":8198,"template":"","meta":{"_acf_changed":false},"product_brand":[],"product_cat":[76,135],"product_tag":[],"class_list":{"0":"post-8197","1":"product","2":"type-product","3":"status-publish","4":"has-post-thumbnail","6":"product_cat-all-products","7":"product_cat-engineered-marble","9":"first","10":"instock","11":"shipping-taxable","12":"product-type-simple"},"acf":[],"_links":{"self":[{"href":"https:\/\/loongsurfaces.com\/es\/wp-json\/wp\/v2\/product\/8197","targetHints":{"allow":["GET"]}}],"collection":[{"href":"https:\/\/loongsurfaces.com\/es\/wp-json\/wp\/v2\/product"}],"about":[{"href":"https:\/\/loongsurfaces.com\/es\/wp-json\/wp\/v2\/types\/product"}],"wp:featuredmedia":[{"embeddable":true,"href":"https:\/\/loongsurfaces.com\/es\/wp-json\/wp\/v2\/media\/8198"}],"wp:attachment":[{"href":"https:\/\/loongsurfaces.com\/es\/wp-json\/wp\/v2\/media?parent=8197"}],"wp:term":[{"taxonomy":"product_brand","embeddable":true,"href":"https:\/\/loongsurfaces.com\/es\/wp-json\/wp\/v2\/product_brand?post=8197"},{"taxonomy":"product_cat","embeddable":true,"href":"https:\/\/loongsurfaces.com\/es\/wp-json\/wp\/v2\/product_cat?post=8197"},{"taxonomy":"product_tag","embeddable":true,"href":"https:\/\/loongsurfaces.com\/es\/wp-json\/wp\/v2\/product_tag?post=8197"}],"curies":[{"name":"wp","href":"https:\/\/api.w.org\/{rel}","templated":true}]}}