{"id":8304,"date":"2024-10-21T15:08:53","date_gmt":"2024-10-21T07:08:53","guid":{"rendered":"https:\/\/loongsurfaces.com\/?post_type=product&#038;p=8304"},"modified":"2024-10-21T15:19:44","modified_gmt":"2024-10-21T07:19:44","slug":"blue-enchantress-engineered-stone-bathroom-cabinet-table-furniture-manufacture","status":"publish","type":"product","link":"https:\/\/loongsurfaces.com\/es\/producto\/blue-enchantress-engineered-stone-bathroom-cabinet-table-furniture-manufacture\/","title":{"rendered":"Blue Enchantress  Engineered Stone Bathroom Cabinet Table Furniture Manufacture"},"content":{"rendered":"<p><img loading=\"lazy\" decoding=\"async\" class=\"alignnone size-medium wp-image-8305\" src=\"https:\/\/loongsurfaces.com\/wp-content\/uploads\/Blue-Enchantress-Engineered-Stone-Bathroom-Cabinet-Table-Furniture-Manufacture-2-701x400.jpg\" alt=\"\" width=\"701\" height=\"400\" srcset=\"https:\/\/loongsurfaces.com\/wp-content\/uploads\/Blue-Enchantress-Engineered-Stone-Bathroom-Cabinet-Table-Furniture-Manufacture-2-701x400.jpg 701w, https:\/\/loongsurfaces.com\/wp-content\/uploads\/Blue-Enchantress-Engineered-Stone-Bathroom-Cabinet-Table-Furniture-Manufacture-2-510x291.jpg 510w, https:\/\/loongsurfaces.com\/wp-content\/uploads\/Blue-Enchantress-Engineered-Stone-Bathroom-Cabinet-Table-Furniture-Manufacture-2-1400x800.jpg 1400w, https:\/\/loongsurfaces.com\/wp-content\/uploads\/Blue-Enchantress-Engineered-Stone-Bathroom-Cabinet-Table-Furniture-Manufacture-2-768x438.jpg 768w, https:\/\/loongsurfaces.com\/wp-content\/uploads\/Blue-Enchantress-Engineered-Stone-Bathroom-Cabinet-Table-Furniture-Manufacture-2.jpg 1500w\" sizes=\"auto, (max-width: 701px) 100vw, 701px\" \/><\/p>\n<p>Con la ayuda de varias instalaciones de procesamiento avanzadas, podemos fabricar todo tipo de productos de piedra, incluidos, entre otros, encimeras, mesas, chapas finas, m\u00e1rmoles laminados, adoquines, columnas, umbrales, etc. Gracias a nuestro equipo capacitado, podemos prefabricar todo tipo de encimeras de cuarzo para la cocina y el ba\u00f1o con perfiles de borde sin costuras, acabado de alto brillo y tolerancia de tama\u00f1o m\u00ednima. Siguiendo el esp\u00edritu de la naturaleza, nuestro equipo de I+D siempre desarrolla buenos conceptos de dise\u00f1o que ayudan a nuestros clientes a obtener lo que desean. Adem\u00e1s, contamos con un equipo profesional para realizar todos sus dise\u00f1os y lograr los mejores resultados de aplicaci\u00f3n.<\/p>","protected":false},"excerpt":{"rendered":"<table style=\"height: 289px;\" width=\"417\">\n<tbody>\n<tr>\n<td width=\"127\">Brand\uff1a<\/td>\n<td style=\"text-align: left;\" width=\"405\">LOONG STONE<\/td>\n<\/tr>\n<tr>\n<td width=\"127\">Material\uff1a<\/td>\n<td style=\"text-align: left;\" width=\"405\">Engineered stone<\/td>\n<\/tr>\n<tr>\n<td width=\"127\">SKU\uff1a<\/td>\n<td style=\"text-align: left;\" width=\"405\">LERG-QY1006T<\/td>\n<\/tr>\n<tr>\n<td width=\"127\">Color\uff1a<\/td>\n<td style=\"text-align: left;\" width=\"405\">Grey; White<\/td>\n<\/tr>\n<tr>\n<td width=\"127\">Product:<\/td>\n<td style=\"text-align: left;\" width=\"405\">Dry-hangs, Cut-to-Sizes, Panels, Slabs, Tops, Blocks, Pavings, Kerbs, etc<\/td>\n<\/tr>\n<tr>\n<td width=\"127\">Size\uff08mm\uff09\uff1a<\/td>\n<td style=\"text-align: left;\" width=\"405\">L3200mm*W1600mm, L3000mm*W1400mm<\/td>\n<\/tr>\n<tr>\n<td width=\"127\">Thickness(mm)<\/td>\n<td style=\"text-align: left;\" width=\"405\">6mm, 9mm, 12mm, 15mm<\/td>\n<\/tr>\n<tr>\n<td width=\"127\">Finish Type\uff1a<\/td>\n<td style=\"text-align: left;\" width=\"405\">Polished \/ Matt<\/td>\n<\/tr>\n<tr>\n<td width=\"127\">Application:<\/td>\n<td style=\"text-align: left;\" width=\"405\">Vanity Tops, Wall Veneer, Commercial Flooring, Stairs, Window Sills<\/td>\n<\/tr>\n<tr>\n<td width=\"127\">Origin:<\/td>\n<td style=\"text-align: left;\" width=\"405\">China<\/td>\n<\/tr>\n<\/tbody>\n<\/table>\n\t<a class=\"paoc-popup-click paoc-popup-cust-6537 paoc-popup-button paoc-popup-btn\" href=\"javascript:void(0);\">Contact  US<\/a>\r\n\u00a0 \u00a0 \u00a0 \u00a0 \u00a0 \u00a0<a href=\"https:\/\/api.whatsapp.com\/send?phone=8617708695534\"><img loading=\"lazy\" decoding=\"async\" class=\"alignnone size-full wp-image-6536\" src=\"https:\/\/loongsurfaces.com\/wp-content\/uploads\/2022\/11\/WhatsApp-8613902807851.png\" alt=\"\" width=\"150\" height=\"35\" \/><\/a><\/p>","protected":false},"featured_media":8306,"template":"","meta":{"_acf_changed":false},"product_brand":[],"product_cat":[76,135],"product_tag":[],"class_list":{"0":"post-8304","1":"product","2":"type-product","3":"status-publish","4":"has-post-thumbnail","6":"product_cat-all-products","7":"product_cat-engineered-marble","9":"first","10":"instock","11":"shipping-taxable","12":"product-type-simple"},"acf":[],"_links":{"self":[{"href":"https:\/\/loongsurfaces.com\/es\/wp-json\/wp\/v2\/product\/8304","targetHints":{"allow":["GET"]}}],"collection":[{"href":"https:\/\/loongsurfaces.com\/es\/wp-json\/wp\/v2\/product"}],"about":[{"href":"https:\/\/loongsurfaces.com\/es\/wp-json\/wp\/v2\/types\/product"}],"wp:featuredmedia":[{"embeddable":true,"href":"https:\/\/loongsurfaces.com\/es\/wp-json\/wp\/v2\/media\/8306"}],"wp:attachment":[{"href":"https:\/\/loongsurfaces.com\/es\/wp-json\/wp\/v2\/media?parent=8304"}],"wp:term":[{"taxonomy":"product_brand","embeddable":true,"href":"https:\/\/loongsurfaces.com\/es\/wp-json\/wp\/v2\/product_brand?post=8304"},{"taxonomy":"product_cat","embeddable":true,"href":"https:\/\/loongsurfaces.com\/es\/wp-json\/wp\/v2\/product_cat?post=8304"},{"taxonomy":"product_tag","embeddable":true,"href":"https:\/\/loongsurfaces.com\/es\/wp-json\/wp\/v2\/product_tag?post=8304"}],"curies":[{"name":"wp","href":"https:\/\/api.w.org\/{rel}","templated":true}]}}