{"id":8295,"date":"2024-10-21T11:17:24","date_gmt":"2024-10-21T03:17:24","guid":{"rendered":"https:\/\/loongsurfaces.com\/?post_type=product&#038;p=8295"},"modified":"2024-10-21T11:17:24","modified_gmt":"2024-10-21T03:17:24","slug":"engineered-stone-tile-wyndham-grey-kitchen-surface-china-wholesaler","status":"publish","type":"product","link":"https:\/\/loongsurfaces.com\/fr\/produit\/engineered-stone-tile-wyndham-grey-kitchen-surface-china-wholesaler\/","title":{"rendered":"Engineered Stone Tile Wyndham Grey Kitchen Surface China Wholesaler"},"content":{"rendered":"<p><img loading=\"lazy\" decoding=\"async\" class=\"alignnone size-medium wp-image-8296\" src=\"https:\/\/loongsurfaces.com\/wp-content\/uploads\/Engineered-Stone-Tile-Wyndham-Grey-Kitchen-Surface-China-Wholesaler-2-701x400.jpg\" alt=\"\" width=\"701\" height=\"400\" srcset=\"https:\/\/loongsurfaces.com\/wp-content\/uploads\/Engineered-Stone-Tile-Wyndham-Grey-Kitchen-Surface-China-Wholesaler-2-701x400.jpg 701w, https:\/\/loongsurfaces.com\/wp-content\/uploads\/Engineered-Stone-Tile-Wyndham-Grey-Kitchen-Surface-China-Wholesaler-2-510x291.jpg 510w, https:\/\/loongsurfaces.com\/wp-content\/uploads\/Engineered-Stone-Tile-Wyndham-Grey-Kitchen-Surface-China-Wholesaler-2-1400x800.jpg 1400w, https:\/\/loongsurfaces.com\/wp-content\/uploads\/Engineered-Stone-Tile-Wyndham-Grey-Kitchen-Surface-China-Wholesaler-2-768x438.jpg 768w, https:\/\/loongsurfaces.com\/wp-content\/uploads\/Engineered-Stone-Tile-Wyndham-Grey-Kitchen-Surface-China-Wholesaler-2.jpg 1500w\" sizes=\"auto, (max-width: 701px) 100vw, 701px\" \/><\/p>\n<p>Loong Stone, compos\u00e9e d&#039;une jeune \u00e9quipe de participants dynamiques et cr\u00e9atifs dans le domaine de la pierre qui se consacrent au marbre, au granit, \u00e0 l&#039;onyx, \u00e0 la pierre reconstitu\u00e9e, aux surfaces en quartz, au terrazzo, aux mosa\u00efques de marbre et \u00e0 la pierre fritt\u00e9e depuis 15 ans, est votre partenaire commercial le plus fiable pour la gamme compl\u00e8te de solutions en pierre.<\/p>\n<p>Nous disposons d&#039;une base de production professionnelle \u00e0 grande \u00e9chelle, en propre, o\u00f9 nous pouvons couper toutes les dalles de pierre originales et les transformer en n&#039;importe quelle forme que vous souhaitez physiquement. Avec des fraiseuses lin\u00e9aires infrarouges, des fraiseuses \u00e0 trous CNC, des jets d&#039;eau, des chanfreins \u00e0 onglet, des profileuses de bord et des polisseuses de finition de bord combin\u00e9s \u00e0 notre \u00e9quipe qualifi\u00e9e, nous sommes capables de r\u00e9aliser et de mettre en \u0153uvre vos id\u00e9es de mani\u00e8re approfondie. Ce dont nous avons besoin, ce sont simplement vos dessins d\u00e9taill\u00e9s ou m\u00eame vos id\u00e9es cr\u00e9atives !<\/p>","protected":false},"excerpt":{"rendered":"<table style=\"height: 289px;\" width=\"417\">\n<tbody>\n<tr>\n<td width=\"127\">Brand\uff1a<\/td>\n<td style=\"text-align: left;\" width=\"405\">LOONG STONE<\/td>\n<\/tr>\n<tr>\n<td width=\"127\">Material\uff1a<\/td>\n<td style=\"text-align: left;\" width=\"405\">Engineered stone<\/td>\n<\/tr>\n<tr>\n<td width=\"127\">SKU\uff1a<\/td>\n<td style=\"text-align: left;\" width=\"405\">LERG-QY1004T<\/td>\n<\/tr>\n<tr>\n<td width=\"127\">Color\uff1a<\/td>\n<td style=\"text-align: left;\" width=\"405\">Grey; White<\/td>\n<\/tr>\n<tr>\n<td width=\"127\">Product:<\/td>\n<td style=\"text-align: left;\" width=\"405\">Dry-hangs, Cut-to-Sizes, Panels, Slabs, Tops, Blocks, Pavings, Kerbs, etc<\/td>\n<\/tr>\n<tr>\n<td width=\"127\">Size\uff08mm\uff09\uff1a<\/td>\n<td style=\"text-align: left;\" width=\"405\">L3200mm*W1600mm, L3000mm*W1400mm<\/td>\n<\/tr>\n<tr>\n<td width=\"127\">Thickness(mm)<\/td>\n<td style=\"text-align: left;\" width=\"405\">6mm, 9mm, 12mm, 15mm<\/td>\n<\/tr>\n<tr>\n<td width=\"127\">Finish Type\uff1a<\/td>\n<td style=\"text-align: left;\" width=\"405\">Polished \/ Matt<\/td>\n<\/tr>\n<tr>\n<td width=\"127\">Application:<\/td>\n<td style=\"text-align: left;\" width=\"405\">Vanity Tops, Wall Veneer, Commercial Flooring, Stairs, Window Sills<\/td>\n<\/tr>\n<tr>\n<td width=\"127\">Origin:<\/td>\n<td style=\"text-align: left;\" width=\"405\">China<\/td>\n<\/tr>\n<\/tbody>\n<\/table>\n\t<a class=\"paoc-popup-click paoc-popup-cust-6537 paoc-popup-button paoc-popup-btn\" href=\"javascript:void(0);\">Contact  US<\/a>\r\n\u00a0 \u00a0 \u00a0 \u00a0 \u00a0 \u00a0<a href=\"https:\/\/api.whatsapp.com\/send?phone=8617708695534\"><img loading=\"lazy\" decoding=\"async\" class=\"alignnone size-full wp-image-6536\" src=\"https:\/\/loongsurfaces.com\/wp-content\/uploads\/2022\/11\/WhatsApp-8613902807851.png\" alt=\"\" width=\"150\" height=\"35\" \/><\/a><\/p>","protected":false},"featured_media":8297,"template":"","meta":{"_acf_changed":false},"product_brand":[],"product_cat":[76,135],"product_tag":[],"class_list":{"0":"post-8295","1":"product","2":"type-product","3":"status-publish","4":"has-post-thumbnail","6":"product_cat-all-products","7":"product_cat-engineered-marble","9":"first","10":"instock","11":"shipping-taxable","12":"product-type-simple"},"acf":[],"_links":{"self":[{"href":"https:\/\/loongsurfaces.com\/fr\/wp-json\/wp\/v2\/product\/8295","targetHints":{"allow":["GET"]}}],"collection":[{"href":"https:\/\/loongsurfaces.com\/fr\/wp-json\/wp\/v2\/product"}],"about":[{"href":"https:\/\/loongsurfaces.com\/fr\/wp-json\/wp\/v2\/types\/product"}],"wp:featuredmedia":[{"embeddable":true,"href":"https:\/\/loongsurfaces.com\/fr\/wp-json\/wp\/v2\/media\/8297"}],"wp:attachment":[{"href":"https:\/\/loongsurfaces.com\/fr\/wp-json\/wp\/v2\/media?parent=8295"}],"wp:term":[{"taxonomy":"product_brand","embeddable":true,"href":"https:\/\/loongsurfaces.com\/fr\/wp-json\/wp\/v2\/product_brand?post=8295"},{"taxonomy":"product_cat","embeddable":true,"href":"https:\/\/loongsurfaces.com\/fr\/wp-json\/wp\/v2\/product_cat?post=8295"},{"taxonomy":"product_tag","embeddable":true,"href":"https:\/\/loongsurfaces.com\/fr\/wp-json\/wp\/v2\/product_tag?post=8295"}],"curies":[{"name":"wp","href":"https:\/\/api.w.org\/{rel}","templated":true}]}}