{"id":8299,"date":"2024-10-21T14:50:31","date_gmt":"2024-10-21T06:50:31","guid":{"rendered":"https:\/\/loongsurfaces.com\/?post_type=product&#038;p=8299"},"modified":"2024-10-21T14:50:31","modified_gmt":"2024-10-21T06:50:31","slug":"new-yellow-jade-engineered-stone-kitchen-table-stone-furniture-manufacture","status":"publish","type":"product","link":"https:\/\/loongsurfaces.com\/fr\/produit\/new-yellow-jade-engineered-stone-kitchen-table-stone-furniture-manufacture\/","title":{"rendered":"New Yellow Jade Engineered Stone Kitchen Table Stone Furniture Manufacture"},"content":{"rendered":"<p><img loading=\"lazy\" decoding=\"async\" class=\"alignnone size-medium wp-image-8300\" src=\"https:\/\/loongsurfaces.com\/wp-content\/uploads\/New-Yellow-Jade-Engineered-Stone-Kitchen-Table-Stone-Furniture-Manufacture-2-701x400.jpg\" alt=\"\" width=\"701\" height=\"400\" srcset=\"https:\/\/loongsurfaces.com\/wp-content\/uploads\/New-Yellow-Jade-Engineered-Stone-Kitchen-Table-Stone-Furniture-Manufacture-2-701x400.jpg 701w, https:\/\/loongsurfaces.com\/wp-content\/uploads\/New-Yellow-Jade-Engineered-Stone-Kitchen-Table-Stone-Furniture-Manufacture-2-510x291.jpg 510w, https:\/\/loongsurfaces.com\/wp-content\/uploads\/New-Yellow-Jade-Engineered-Stone-Kitchen-Table-Stone-Furniture-Manufacture-2-1400x800.jpg 1400w, https:\/\/loongsurfaces.com\/wp-content\/uploads\/New-Yellow-Jade-Engineered-Stone-Kitchen-Table-Stone-Furniture-Manufacture-2-768x438.jpg 768w, https:\/\/loongsurfaces.com\/wp-content\/uploads\/New-Yellow-Jade-Engineered-Stone-Kitchen-Table-Stone-Furniture-Manufacture-2.jpg 1500w\" sizes=\"auto, (max-width: 701px) 100vw, 701px\" \/><\/p>\n<p>Gr\u00e2ce \u00e0 diverses installations de traitement avanc\u00e9es, nous pouvons fabriquer toutes les formes de produits en pierre, y compris, mais sans s&#039;y limiter, les comptoirs, les tables, les placages minces, les marbres lamin\u00e9s, les pav\u00e9s, les colonnes, les rebords, etc. Gr\u00e2ce \u00e0 notre \u00e9quipe qualifi\u00e9e, nous pouvons pr\u00e9fabriquer toutes sortes de plans de travail en quartz pour la cuisine et la salle de bain avec des profils de bord sans couture, une finition brillante et une tol\u00e9rance de taille minimale. Dans l&#039;esprit de la nature, notre \u00e9quipe de R&amp;D d\u00e9veloppe toujours de bons concepts de design qui aident nos clients \u00e0 obtenir tout ce qu&#039;ils d\u00e9sirent. De plus, nous disposons d&#039;une \u00e9quipe professionnelle pour r\u00e9aliser toutes leurs conceptions afin d&#039;obtenir les meilleurs r\u00e9sultats d&#039;application.<\/p>","protected":false},"excerpt":{"rendered":"<table style=\"height: 289px;\" width=\"417\">\n<tbody>\n<tr>\n<td width=\"127\">Brand\uff1a<\/td>\n<td style=\"text-align: left;\" width=\"405\">LOONG STONE<\/td>\n<\/tr>\n<tr>\n<td width=\"127\">Material\uff1a<\/td>\n<td style=\"text-align: left;\" width=\"405\">Engineered stone<\/td>\n<\/tr>\n<tr>\n<td width=\"127\">SKU\uff1a<\/td>\n<td style=\"text-align: left;\" width=\"405\">LERG-QY1005T<\/td>\n<\/tr>\n<tr>\n<td width=\"127\">Color\uff1a<\/td>\n<td style=\"text-align: left;\" width=\"405\">Grey; White<\/td>\n<\/tr>\n<tr>\n<td width=\"127\">Product:<\/td>\n<td style=\"text-align: left;\" width=\"405\">Dry-hangs, Cut-to-Sizes, Panels, Slabs, Tops, Blocks, Pavings, Kerbs, etc<\/td>\n<\/tr>\n<tr>\n<td width=\"127\">Size\uff08mm\uff09\uff1a<\/td>\n<td style=\"text-align: left;\" width=\"405\">L3200mm*W1600mm, L3000mm*W1400mm<\/td>\n<\/tr>\n<tr>\n<td width=\"127\">Thickness(mm)<\/td>\n<td style=\"text-align: left;\" width=\"405\">6mm, 9mm, 12mm, 15mm<\/td>\n<\/tr>\n<tr>\n<td width=\"127\">Finish Type\uff1a<\/td>\n<td style=\"text-align: left;\" width=\"405\">Polished \/ Matt<\/td>\n<\/tr>\n<tr>\n<td width=\"127\">Application:<\/td>\n<td style=\"text-align: left;\" width=\"405\">Vanity Tops, Wall Veneer, Commercial Flooring, Stairs, Window Sills<\/td>\n<\/tr>\n<tr>\n<td width=\"127\">Origin:<\/td>\n<td style=\"text-align: left;\" width=\"405\">China<\/td>\n<\/tr>\n<\/tbody>\n<\/table>\n\t<a class=\"paoc-popup-click paoc-popup-cust-6537 paoc-popup-button paoc-popup-btn\" href=\"javascript:void(0);\">Contact  US<\/a>\r\n\u00a0 \u00a0 \u00a0 \u00a0 \u00a0 \u00a0<a href=\"https:\/\/api.whatsapp.com\/send?phone=8617708695534\"><img loading=\"lazy\" decoding=\"async\" class=\"alignnone size-full wp-image-6536\" src=\"https:\/\/loongsurfaces.com\/wp-content\/uploads\/2022\/11\/WhatsApp-8613902807851.png\" alt=\"\" width=\"150\" height=\"35\" \/><\/a><\/p>","protected":false},"featured_media":8301,"template":"","meta":{"_acf_changed":false},"product_brand":[],"product_cat":[76,135],"product_tag":[],"class_list":{"0":"post-8299","1":"product","2":"type-product","3":"status-publish","4":"has-post-thumbnail","6":"product_cat-all-products","7":"product_cat-engineered-marble","9":"first","10":"instock","11":"shipping-taxable","12":"product-type-simple"},"acf":[],"_links":{"self":[{"href":"https:\/\/loongsurfaces.com\/fr\/wp-json\/wp\/v2\/product\/8299","targetHints":{"allow":["GET"]}}],"collection":[{"href":"https:\/\/loongsurfaces.com\/fr\/wp-json\/wp\/v2\/product"}],"about":[{"href":"https:\/\/loongsurfaces.com\/fr\/wp-json\/wp\/v2\/types\/product"}],"wp:featuredmedia":[{"embeddable":true,"href":"https:\/\/loongsurfaces.com\/fr\/wp-json\/wp\/v2\/media\/8301"}],"wp:attachment":[{"href":"https:\/\/loongsurfaces.com\/fr\/wp-json\/wp\/v2\/media?parent=8299"}],"wp:term":[{"taxonomy":"product_brand","embeddable":true,"href":"https:\/\/loongsurfaces.com\/fr\/wp-json\/wp\/v2\/product_brand?post=8299"},{"taxonomy":"product_cat","embeddable":true,"href":"https:\/\/loongsurfaces.com\/fr\/wp-json\/wp\/v2\/product_cat?post=8299"},{"taxonomy":"product_tag","embeddable":true,"href":"https:\/\/loongsurfaces.com\/fr\/wp-json\/wp\/v2\/product_tag?post=8299"}],"curies":[{"name":"wp","href":"https:\/\/api.w.org\/{rel}","templated":true}]}}