{"id":9386,"date":"2024-11-29T17:43:38","date_gmt":"2024-11-29T09:43:38","guid":{"rendered":"https:\/\/loongsurfaces.com\/?post_type=product&#038;p=9386"},"modified":"2024-11-29T17:56:46","modified_gmt":"2024-11-29T09:56:46","slug":"paulo-white-artificial-stone-quartz-countertops-stone-kitchens-bathroom-cupboard-processing-factory-price","status":"publish","type":"product","link":"https:\/\/loongsurfaces.com\/fr\/produit\/paulo-white-artificial-stone-quartz-countertops-stone-kitchens-bathroom-cupboard-processing-factory-price\/","title":{"rendered":"Paulo White Artificial Stone Quartz Countertops Stone Kitchens Bathroom Cupboard Processing Factory Price"},"content":{"rendered":"<p><img loading=\"lazy\" decoding=\"async\" class=\"alignnone size-medium wp-image-9387\" src=\"https:\/\/loongsurfaces.com\/wp-content\/uploads\/Paulo-White-Artificial-Stone-Quartz-Countertops-Kitchens-Bathroom-Cupboard-Processing-Factory-Price-400x400.jpg\" alt=\"\" width=\"400\" height=\"400\" srcset=\"https:\/\/loongsurfaces.com\/wp-content\/uploads\/Paulo-White-Artificial-Stone-Quartz-Countertops-Kitchens-Bathroom-Cupboard-Processing-Factory-Price-400x400.jpg 400w, https:\/\/loongsurfaces.com\/wp-content\/uploads\/Paulo-White-Artificial-Stone-Quartz-Countertops-Kitchens-Bathroom-Cupboard-Processing-Factory-Price-100x100.jpg 100w, https:\/\/loongsurfaces.com\/wp-content\/uploads\/Paulo-White-Artificial-Stone-Quartz-Countertops-Kitchens-Bathroom-Cupboard-Processing-Factory-Price-510x510.jpg 510w, https:\/\/loongsurfaces.com\/wp-content\/uploads\/Paulo-White-Artificial-Stone-Quartz-Countertops-Kitchens-Bathroom-Cupboard-Processing-Factory-Price-280x280.jpg 280w, https:\/\/loongsurfaces.com\/wp-content\/uploads\/Paulo-White-Artificial-Stone-Quartz-Countertops-Kitchens-Bathroom-Cupboard-Processing-Factory-Price-768x768.jpg 768w, https:\/\/loongsurfaces.com\/wp-content\/uploads\/Paulo-White-Artificial-Stone-Quartz-Countertops-Kitchens-Bathroom-Cupboard-Processing-Factory-Price-12x12.jpg 12w, https:\/\/loongsurfaces.com\/wp-content\/uploads\/Paulo-White-Artificial-Stone-Quartz-Countertops-Kitchens-Bathroom-Cupboard-Processing-Factory-Price.jpg 800w\" sizes=\"auto, (max-width: 400px) 100vw, 400px\" \/><\/p>\n<p><a href=\"https:\/\/loongsurfaces.com\/fr\/engineered-marble\/\">Artificial Mable<\/a> offers a multitude of advantages that make it a\u00a0highly favored material in various applications, including countertops, flooring, and decorative elements.<\/p>\n<p>Consistency in Appearance: Unlike natural stone, which can vary widely in color, texture, and pattern from one piece to another, engineered marble\u00a0offers consistent aesthetics. This ensures a uniform look throughout your project, enhancing its overall visual appeal.<\/p>\n<p>Engineered marble combines durability, aesthetic appeal, customizability, ease of maintenance, making it a versatile and highly desirable material for a multitude of projects.<\/p>\n<p>Loong Stone is located in the biggest stone industrial center of the world \u2013 Yunfu China, where we can find almost all kinds of stones \u2013 Marble, Granite, Onyx, Engineered Stone, Quartz, Terrazzo, Sintered Stone, and Mosaic.<\/p>\n<p>Nous disposons d&#039;une base de production professionnelle \u00e0 grande \u00e9chelle, en propre, o\u00f9 nous pouvons couper toutes les dalles de pierre originales et les transformer en n&#039;importe quelle forme que vous souhaitez physiquement. Avec des fraiseuses lin\u00e9aires infrarouges, des fraiseuses \u00e0 trous CNC, des jets d&#039;eau, des chanfreins \u00e0 onglet, des profileuses de bord et des polisseuses de finition de bord combin\u00e9s \u00e0 notre \u00e9quipe qualifi\u00e9e, nous sommes capables de r\u00e9aliser et de mettre en \u0153uvre vos id\u00e9es de mani\u00e8re approfondie. Ce dont nous avons besoin, ce sont simplement vos dessins d\u00e9taill\u00e9s ou m\u00eame vos id\u00e9es cr\u00e9atives !<\/p>","protected":false},"excerpt":{"rendered":"<table style=\"height: 289px;\" width=\"417\">\n<tbody>\n<tr>\n<td width=\"127\">Brand\uff1a<\/td>\n<td style=\"text-align: left;\" width=\"405\">LOONG STONE<\/td>\n<\/tr>\n<tr>\n<td width=\"127\">Material\uff1a<\/td>\n<td style=\"text-align: left;\" width=\"405\">Artificial Stone<\/td>\n<\/tr>\n<tr>\n<td width=\"127\">SKU\uff1a<\/td>\n<td style=\"text-align: left;\" width=\"405\">GSBY-JS7335<\/td>\n<\/tr>\n<tr>\n<td width=\"127\">Color\uff1a<\/td>\n<td style=\"text-align: left;\" width=\"405\">White; Gold<\/td>\n<\/tr>\n<tr>\n<td width=\"127\">Product:<\/td>\n<td style=\"text-align: left;\" width=\"405\">Dry-hangs, Cut-to-Sizes, Panels, Slabs, Tops, Blocks, Pavings, Kerbs, etc<\/td>\n<\/tr>\n<tr>\n<td width=\"127\">Size\uff08mm\uff09\uff1a<\/td>\n<td style=\"text-align: left;\" width=\"405\">L3200mm*W1600mm, L3000mm*W1400mm<\/td>\n<\/tr>\n<tr>\n<td width=\"127\">Thickness(mm)<\/td>\n<td style=\"text-align: left;\" width=\"405\">6mm, 9mm, 12mm, 15mm<\/td>\n<\/tr>\n<tr>\n<td width=\"127\">Finish Type\uff1a<\/td>\n<td style=\"text-align: left;\" width=\"405\">Polished \/ Matt<\/td>\n<\/tr>\n<tr>\n<td width=\"127\">Application:<\/td>\n<td style=\"text-align: left;\" width=\"405\">Vanity Tops, Wall Veneer, Commercial Flooring, Stairs, Window Sills<\/td>\n<\/tr>\n<tr>\n<td width=\"127\">Origin:<\/td>\n<td style=\"text-align: left;\" width=\"405\">China<\/td>\n<\/tr>\n<\/tbody>\n<\/table>\n\t<a class=\"paoc-popup-click paoc-popup-cust-6537 paoc-popup-button paoc-popup-btn\" href=\"javascript:void(0);\">Contact  US<\/a>\r\n\u00a0 \u00a0 \u00a0 \u00a0 \u00a0 \u00a0<a href=\"https:\/\/api.whatsapp.com\/send?phone=8617708695534\"><img loading=\"lazy\" decoding=\"async\" class=\"alignnone size-full wp-image-6536\" src=\"https:\/\/loongsurfaces.com\/wp-content\/uploads\/2022\/11\/WhatsApp-8613902807851.png\" alt=\"\" width=\"150\" height=\"35\" \/><\/a><\/p>","protected":false},"featured_media":9387,"template":"","meta":{"_acf_changed":false},"product_brand":[],"product_cat":[76,135],"product_tag":[],"class_list":{"0":"post-9386","1":"product","2":"type-product","3":"status-publish","4":"has-post-thumbnail","6":"product_cat-all-products","7":"product_cat-engineered-marble","9":"first","10":"instock","11":"shipping-taxable","12":"product-type-simple"},"acf":[],"_links":{"self":[{"href":"https:\/\/loongsurfaces.com\/fr\/wp-json\/wp\/v2\/product\/9386","targetHints":{"allow":["GET"]}}],"collection":[{"href":"https:\/\/loongsurfaces.com\/fr\/wp-json\/wp\/v2\/product"}],"about":[{"href":"https:\/\/loongsurfaces.com\/fr\/wp-json\/wp\/v2\/types\/product"}],"wp:featuredmedia":[{"embeddable":true,"href":"https:\/\/loongsurfaces.com\/fr\/wp-json\/wp\/v2\/media\/9387"}],"wp:attachment":[{"href":"https:\/\/loongsurfaces.com\/fr\/wp-json\/wp\/v2\/media?parent=9386"}],"wp:term":[{"taxonomy":"product_brand","embeddable":true,"href":"https:\/\/loongsurfaces.com\/fr\/wp-json\/wp\/v2\/product_brand?post=9386"},{"taxonomy":"product_cat","embeddable":true,"href":"https:\/\/loongsurfaces.com\/fr\/wp-json\/wp\/v2\/product_cat?post=9386"},{"taxonomy":"product_tag","embeddable":true,"href":"https:\/\/loongsurfaces.com\/fr\/wp-json\/wp\/v2\/product_tag?post=9386"}],"curies":[{"name":"wp","href":"https:\/\/api.w.org\/{rel}","templated":true}]}}