{"id":4376,"date":"2022-11-12T07:21:02","date_gmt":"2022-11-12T07:21:02","guid":{"rendered":"https:\/\/marblex.peacefulqode.com\/?page_id=4376"},"modified":"2025-01-16T09:10:13","modified_gmt":"2025-01-16T01:10:13","slug":"faq","status":"publish","type":"page","link":"https:\/\/loongsurfaces.com\/pt\/faq\/","title":{"rendered":"Perguntas frequentes"},"content":{"rendered":"<div class=\"slider-wrapper relative\" id=\"slider-903322879\" >\n    <div class=\"slider slider-nav-circle slider-nav-large slider-nav-light slider-style-normal\"\n        data-flickity-options='{            \"cellAlign\": \"center\",            \"imagesLoaded\": true,            \"lazyLoad\": 1,            \"freeScroll\": false,            \"wrapAround\": true,            \"autoPlay\": 6000,            \"pauseAutoPlayOnHover\" : true,            \"prevNextButtons\": true,            \"contain\" : true,            \"adaptiveHeight\" : true,            \"dragThreshold\" : 10,            \"percentPosition\": true,            \"pageDots\": true,            \"rightToLeft\": false,            \"draggable\": true,            \"selectedAttraction\": 0.1,            \"parallax\" : 0,            \"friction\": 0.6        }'\n        >\n        \n\n\n  <div class=\"banner has-hover\" id=\"banner-2091114469\">\n          <div class=\"banner-inner fill\">\n        <div class=\"banner-bg fill\" >\n            <img loading=\"lazy\" decoding=\"async\" width=\"1400\" height=\"600\" src=\"https:\/\/loongsurfaces.com\/wp-content\/uploads\/Quartz-White-Surface-with-Gold-Thin-Lines-China-Factory.jpg\" class=\"bg attachment-original size-original\" alt=\"\" \/>                        <div class=\"overlay\"><\/div>            \n                    <\/div>\n\t\t\n        <div class=\"banner-layers container\">\n            <div class=\"fill banner-link\"><\/div>            \n\n   <div id=\"text-box-651815393\" class=\"text-box banner-layer x50 md-x50 lg-x50 y25 md-y25 lg-y25 res-text\">\n                     <div data-animate=\"fadeInLeft\">           <div class=\"text-box-content text dark\">\n              \n              <div class=\"text-inner text-center\">\n                  \n\n\t<div id=\"text-1527076123\" class=\"text\">\n\t\t\n\n<h3 class=\"alt-font\">faq<\/h3>\n<h3>Find A Professional<\/h3>\n<p>Take the guesswork out of your remodel or product installation and get peace of mind knowing that you\u2019re working with a Partner Network professional that can deliver best-in-class service and in-depth product knowledge \u2013 trusted and backed by<\/p>\n<h3>\u00a0<\/h3>\n\t\t\n<style>\n#text-1527076123 {\n  color: #d26e4b;\n}\n#text-1527076123 > * {\n  color: #d26e4b;\n}\n<\/style>\n\t<\/div>\n\t\n<a href=\"https:\/\/loongsurfaces.com\/pt\/categoria-produto\/marble-stone\/\" class=\"button secondary is-outline lowercase\"  >\n\t\t<span>Ver mais<\/span>\n\t<i class=\"icon-angle-right\" aria-hidden=\"true\" ><\/i><\/a>\n\n\n\n              <\/div>\n           <\/div>\n       <\/div>                     \n<style>\n#text-box-651815393 {\n  width: 100%;\n}\n#text-box-651815393 .text-box-content {\n  font-size: 100%;\n}\n@media (min-width:550px) {\n  #text-box-651815393 {\n    width: 61%;\n  }\n}\n<\/style>\n    <\/div>\n \n\n        <\/div>\n      <\/div>\n\n            \n<style>\n#banner-2091114469 {\n  padding-top: 600px;\n  background-color: rgb(255,255,255);\n}\n#banner-2091114469 .overlay {\n  background-color: rgba(0, 0, 0, 0.02);\n}\n#banner-2091114469 .banner-bg img {\n  object-position: 93% 55%;\n}\n<\/style>\n  <\/div>\n\n\n\n     <\/div>\n\n     <div class=\"loading-spin dark large centered\"><\/div>\n\n\t<\/div>\n\n\n<div class=\"row\"  id=\"row-335772812\">\n\n\n\t<div id=\"col-468950357\" class=\"col medium-6 small-12 large-6\"  >\n\t\t\t\t<div class=\"col-inner\"  >\n\t\t\t\n\t\t\t\n\n<div class=\"container section-title-container\" ><h3 class=\"section-title section-title-normal\"><b><\/b><span class=\"section-title-main\" >Frequently Asked Questions<\/span><b><\/b><\/h3><\/div>\n\n<h3 class=\"lead\">Please read our FAQ before sending us a message.<strong>Email Us<\/strong>:\u00a0<a href=\"mailto:info@loongsurfaces.com\">info@loongsurfaces.com<\/a><\/h3>\n<div class=\"accordion\">\n\n\t<div id=\"accordion-2908891009\" class=\"accordion-item\">\n\t\t<a id=\"accordion-2908891009-label\" class=\"accordion-title plain\" href=\"#accordion-item-1,-do-you-have-a-minimum-order-quantity?\" aria-expanded=\"false\" aria-controls=\"accordion-2908891009-content\" >\n\t\t\t<button class=\"toggle\" aria-label=\"Toggle\"><i class=\"icon-angle-down\"><\/i><\/button>\n\t\t\t<span>1, Do You Have A Minimum Order Quantity?<\/span>\n\t\t<\/a>\n\t\t<div id=\"accordion-2908891009-content\" class=\"accordion-inner\" aria-labelledby=\"accordion-2908891009-label\" >\n\t\t\t\n\n<p>We keep very little stock for products we promote or no stock. We do have a MOQ requirement to start the production. The MOQ varies by the Technics\u00a0and machinery. Normally, it is around 0.5 pallet or 1 pallet per item. Please feel free to contact our sale team to check more information.<\/p>\n\n\t\t<\/div>\n\t<\/div>\n\t\n\t<div id=\"accordion-1724071237\" class=\"accordion-item\">\n\t\t<a id=\"accordion-1724071237-label\" class=\"accordion-title plain\" href=\"#accordion-item-2.-is-your-company-the-factory-or-trade-company?\" aria-expanded=\"false\" aria-controls=\"accordion-1724071237-content\" >\n\t\t\t<button class=\"toggle\" aria-label=\"Toggle\"><i class=\"icon-angle-down\"><\/i><\/button>\n\t\t\t<span>2. Is your company the factory or trade company?<\/span>\n\t\t<\/a>\n\t\t<div id=\"accordion-1724071237-content\" class=\"accordion-inner\" aria-labelledby=\"accordion-1724071237-label\" >\n\t\t\t\n\n<p>Our company has our own production facilities both in YunFu and FoShan city, and a sales center in Foshan city. We have very strong R&amp;D team and strict QC team, which guarantees the most stable quality for all products. We try our best to offer the most competitive price, high quality and best service.<\/p>\n\n\t\t<\/div>\n\t<\/div>\n\t\n\t<div id=\"accordion-3765250717\" class=\"accordion-item\">\n\t\t<a id=\"accordion-3765250717-label\" class=\"accordion-title plain\" href=\"#accordion-item-3.-do-you-have-dealer-in-my-area?\" aria-expanded=\"false\" aria-controls=\"accordion-3765250717-content\" >\n\t\t\t<button class=\"toggle\" aria-label=\"Toggle\"><i class=\"icon-angle-down\"><\/i><\/button>\n\t\t\t<span>3. Do You Have Dealer In My Area?<\/span>\n\t\t<\/a>\n\t\t<div id=\"accordion-3765250717-content\" class=\"accordion-inner\" aria-labelledby=\"accordion-3765250717-label\" >\n\t\t\t\n\n<p>we are professional OEM stone supplier in China for many different stone brands from around the world. It may be an importer in your country already carries the same products from our site with their own brand. Please feel free to advise your location and check with our sale team.<\/p>\n\n\t\t<\/div>\n\t<\/div>\n\t\n\n<\/div>\n<div class=\"accordion\">\n\n\t<div id=\"accordion-1467098521\" class=\"accordion-item\">\n\t\t<a id=\"accordion-1467098521-label\" class=\"accordion-title plain\" href=\"#accordion-item-4,-what-is-your-quality-and-assurance?\" aria-expanded=\"false\" aria-controls=\"accordion-1467098521-content\" >\n\t\t\t<button class=\"toggle\" aria-label=\"Toggle\"><i class=\"icon-angle-down\"><\/i><\/button>\n\t\t\t<span>4, What Is Your Quality And Assurance?<\/span>\n\t\t<\/a>\n\t\t<div id=\"accordion-1467098521-content\" class=\"accordion-inner\" aria-labelledby=\"accordion-1467098521-label\" >\n\t\t\t\n\n<div>Loong stone are manufactured in compliance with the strict quality standard in the industry. It is too said that we keep a top-level quality in the industry. Please feel free to ask our sale team for a free sample or visit us to check our quality.<\/div>\n<div>\u00a0<\/div>\n<div>We are committed to continuously improve our products quality and responsible for quality problems. We provide free replacement or refund for any shipment with quality problems.<\/div>\n\n\t\t<\/div>\n\t<\/div>\n\t\n\t<div id=\"accordion-784433081\" class=\"accordion-item\">\n\t\t<a id=\"accordion-784433081-label\" class=\"accordion-title plain\" href=\"#accordion-item-5,-what-is-your-lead-time?\" aria-expanded=\"false\" aria-controls=\"accordion-784433081-content\" >\n\t\t\t<button class=\"toggle\" aria-label=\"Toggle\"><i class=\"icon-angle-down\"><\/i><\/button>\n\t\t\t<span>5, What Is Your Lead Time?<\/span>\n\t\t<\/a>\n\t\t<div id=\"accordion-784433081-content\" class=\"accordion-inner\" aria-labelledby=\"accordion-784433081-label\" >\n\t\t\t\n\n<p>From 2 to 4 weeks. It varies by qualities of your order, normally one 20\u201dGP container order are shipped within 4 weeks.<\/p>\n\n\t\t<\/div>\n\t<\/div>\n\t\n\t<div id=\"accordion-1869625211\" class=\"accordion-item\">\n\t\t<a id=\"accordion-1869625211-label\" class=\"accordion-title plain\" href=\"#accordion-item-6,-what-is-your-sample-policy\" aria-expanded=\"false\" aria-controls=\"accordion-1869625211-content\" >\n\t\t\t<button class=\"toggle\" aria-label=\"Toggle\"><i class=\"icon-angle-down\"><\/i><\/button>\n\t\t\t<span>6, What Is Your Sample Policy<\/span>\n\t\t<\/a>\n\t\t<div id=\"accordion-1869625211-content\" class=\"accordion-inner\" aria-labelledby=\"accordion-1869625211-label\" >\n\t\t\t\n\n<p>we provide free sample for oversea customer. It is generally shipped by UPS, DHL, FedEx, TNT.<\/p>\n<p>You are requested to arrange the picking up at our office if you have a international express account.<\/p>\n\n\t\t<\/div>\n\t<\/div>\n\t\n\n<\/div>\n<div class=\"accordion\">\n\n\t<div id=\"accordion-2156291728\" class=\"accordion-item\">\n\t\t<a id=\"accordion-2156291728-label\" class=\"accordion-title plain\" href=\"#accordion-item-7.-what-payment-methods-your-company-accept?\" aria-expanded=\"false\" aria-controls=\"accordion-2156291728-content\" >\n\t\t\t<button class=\"toggle\" aria-label=\"Toggle\"><i class=\"icon-angle-down\"><\/i><\/button>\n\t\t\t<span>7. What Payment Methods Your Company Accept?<\/span>\n\t\t<\/a>\n\t\t<div id=\"accordion-2156291728-content\" class=\"accordion-inner\" aria-labelledby=\"accordion-2156291728-label\" >\n\t\t\t\n\n<p>We accept T\/T, L\/C, PayPal &amp; Western Union and other methods.<\/p>\n\n\t\t<\/div>\n\t<\/div>\n\t\n\t<div id=\"accordion-1816939781\" class=\"accordion-item\">\n\t\t<a id=\"accordion-1816939781-label\" class=\"accordion-title plain\" href=\"#accordion-item-8,-can-you-make-customized-mail-express-gifts-box-with-my-own-logo?\" aria-expanded=\"false\" aria-controls=\"accordion-1816939781-content\" >\n\t\t\t<button class=\"toggle\" aria-label=\"Toggle\"><i class=\"icon-angle-down\"><\/i><\/button>\n\t\t\t<span>8, Can You Make Customized Mail Express Gifts Box with My Own Logo?<\/span>\n\t\t<\/a>\n\t\t<div id=\"accordion-1816939781-content\" class=\"accordion-inner\" aria-labelledby=\"accordion-1816939781-label\" >\n\t\t\t\n\n<p>Yes, we accept both OEM &amp; ODM order. You should issue an authorized letter to allow us to print your official logo on the gift carton box and other packages.<\/p>\n\n\t\t<\/div>\n\t<\/div>\n\t\n\n<\/div>\n\n\t\t<\/div>\n\t\t\t\t\t<\/div>\n\n\t\n\n\t<div id=\"col-1624800874\" class=\"col medium-6 small-12 large-6\"  >\n\t\t\t\t<div class=\"col-inner\"  >\n\t\t\t\n\t\t\t\n\n<div class=\"container section-title-container\">\n<h3>CONTATE-NOS<\/h3>\n<p><span style=\"text-align: var(--text-align);\">Se voc\u00ea tiver alguma d\u00favida sobre algum dos nossos produtos ou precisar entrar em contato por qualquer outro motivo, preencha o formul\u00e1rio abaixo e entraremos em contato com voc\u00ea o mais r\u00e1pido poss\u00edvel.<br \/><\/span><\/p>\n<p style=\"margin-bottom: 1.3em; color: #141313; font-family: Montserrat, sans-serif; font-size: medium; text-transform: none; white-space-collapse: collapse;\"><span style=\"font-weight: bolder;\">Ligue para n\u00f3s:<\/span> <a href=\"https:\/\/api.whatsapp.com\/send?phone=+8617708695534\" target=\"_blank\" rel=\"noopener\">+86 17708695534<\/a><br style=\"margin-bottom: 1.3em; color: #141313; font-family: Montserrat, sans-serif; font-size: medium; text-transform: none; white-space-collapse: collapse;\" \/><span style=\"font-weight: bolder;\">Envie-nos um e-mail:<\/span> <a style=\"background-color: transparent; touch-action: manipulation; color: #4ea3ed;\" href=\"mailto:info@loongsurfaces.com\">info@loongsurfaces.com<\/a><\/p>\n<p>Endere\u00e7o: Perto da Esta\u00e7\u00e3o de Pol\u00edcia de Tr\u00e2nsito de Xiadong, Silao TownYuncheng, cidade de Yunfu-527327, Guangdong, China<\/p>\n<p class=\"nitro-offscreen\" style=\"margin-bottom: 1.3em; color: #141313; font-family: Montserrat, sans-serif; font-size: medium; text-transform: none; white-space-collapse: collapse;\">\u00a0<\/p>\n<p class=\"nitro-offscreen\" style=\"margin-bottom: 1.3em; color: #141313; font-family: Montserrat, sans-serif; font-size: medium; text-transform: none; white-space-collapse: collapse;\"><span style=\"font-weight: bolder;\">Link amig\u00e1vel:<br \/><a style=\"background-color: transparent; touch-action: manipulation; color: #4ea3ed;\" href=\"https:\/\/loongsurfaces.com\/pt\/\">https:\/\/loongsurfaces.com<\/a><\/span><span style=\"font-weight: bolder;\"><br \/><a style=\"background-color: transparent; touch-action: manipulation; color: #4ea3ed;\" href=\"https:\/\/www.filodio.com\/\" target=\"_blank\" rel=\"noopener\">https:\/\/www.filodio.com<\/a><\/span><\/p>\n<\/div>\n<div class=\"social-icons follow-icons\" ><a href=\"https:\/\/www.facebook.com\/loongsurfaces\" target=\"_blank\" data-label=\"Facebook\" class=\"icon primary button circle facebook tooltip\" title=\"Follow on Facebook\" aria-label=\"Follow on Facebook\" rel=\"noopener nofollow\"><i class=\"icon-facebook\" ><\/i><\/a><a href=\"https:\/\/www.instagram.com\/loongsurfaces\/\" target=\"_blank\" data-label=\"Instagram\" class=\"icon primary button circle instagram tooltip\" title=\"Follow on Instagram\" aria-label=\"Follow on Instagram\" rel=\"noopener nofollow\"><i class=\"icon-instagram\" ><\/i><\/a><a href=\"https:\/\/www.tiktok.com\/@loongsurfaces\" target=\"_blank\" data-label=\"TikTok\" class=\"icon primary button circle tiktok tooltip\" title=\"Follow on TikTok\" aria-label=\"Follow on TikTok\" rel=\"noopener nofollow\"><i class=\"icon-tiktok\" ><\/i><\/a><a href=\"https:\/\/twitter.com\/loongsurfaces\" data-label=\"Twitter\" target=\"_blank\" class=\"icon primary button circle twitter tooltip\" title=\"Follow on Twitter\" aria-label=\"Follow on Twitter\" rel=\"noopener nofollow\"><i class=\"icon-twitter\" ><\/i><\/a><a href=\"https:\/\/www.pinterest.com\/loongsurfaces\" data-label=\"Pinterest\" target=\"_blank\" class=\"icon primary button circle pinterest tooltip\" title=\"Follow on Pinterest\" aria-label=\"Follow on Pinterest\" rel=\"noopener nofollow\"><i class=\"icon-pinterest\" ><\/i><\/a><a href=\"https:\/\/www.linkedin.com\/company\/loongsurfaces\" data-label=\"LinkedIn\" target=\"_blank\" class=\"icon primary button circle linkedin tooltip\" title=\"Follow on LinkedIn\" aria-label=\"Follow on LinkedIn\" rel=\"noopener nofollow\"><i class=\"icon-linkedin\" ><\/i><\/a><a href=\"https:\/\/www.youtube.com\/@loongsurfaces\" data-label=\"YouTube\" target=\"_blank\" class=\"icon primary button circle youtube tooltip\" title=\"Follow on YouTube\" aria-label=\"Follow on YouTube\" rel=\"noopener nofollow\"><i class=\"icon-youtube\" ><\/i><\/a><\/div>\n\n\n\t\t<\/div>\n\t\t\t\t\t<\/div>\n\n\t\n\n<\/div>","protected":false},"excerpt":{"rendered":"","protected":false},"author":2,"featured_media":0,"parent":0,"menu_order":0,"comment_status":"closed","ping_status":"closed","template":"page-blank.php","meta":{"_acf_changed":false,"footnotes":""},"class_list":["post-4376","page","type-page","status-publish","hentry"],"acf":[],"_hostinger_reach_plugin_has_subscription_block":false,"_hostinger_reach_plugin_is_elementor":false,"_links":{"self":[{"href":"https:\/\/loongsurfaces.com\/pt\/wp-json\/wp\/v2\/pages\/4376","targetHints":{"allow":["GET"]}}],"collection":[{"href":"https:\/\/loongsurfaces.com\/pt\/wp-json\/wp\/v2\/pages"}],"about":[{"href":"https:\/\/loongsurfaces.com\/pt\/wp-json\/wp\/v2\/types\/page"}],"author":[{"embeddable":true,"href":"https:\/\/loongsurfaces.com\/pt\/wp-json\/wp\/v2\/users\/2"}],"replies":[{"embeddable":true,"href":"https:\/\/loongsurfaces.com\/pt\/wp-json\/wp\/v2\/comments?post=4376"}],"version-history":[{"count":5,"href":"https:\/\/loongsurfaces.com\/pt\/wp-json\/wp\/v2\/pages\/4376\/revisions"}],"predecessor-version":[{"id":10003,"href":"https:\/\/loongsurfaces.com\/pt\/wp-json\/wp\/v2\/pages\/4376\/revisions\/10003"}],"wp:attachment":[{"href":"https:\/\/loongsurfaces.com\/pt\/wp-json\/wp\/v2\/media?parent=4376"}],"curies":[{"name":"wp","href":"https:\/\/api.w.org\/{rel}","templated":true}]}}