{"id":8814,"date":"2015-11-17T20:15:56","date_gmt":"2015-11-17T20:15:56","guid":{"rendered":"http:\/\/localhost:8888\/flatsome-next\/?page_id=3031"},"modified":"2024-11-25T15:24:39","modified_gmt":"2024-11-25T07:24:39","slug":"exhibition","status":"publish","type":"page","link":"https:\/\/loongsurfaces.com\/pt\/exhibition\/","title":{"rendered":"Exposi\u00e7\u00e3o"},"content":{"rendered":"<div class=\"banner has-hover\" id=\"banner-570076260\">\n          <div class=\"banner-inner fill\">\n        <div class=\"banner-bg fill\" >\n            <img loading=\"lazy\" decoding=\"async\" width=\"1400\" height=\"600\" src=\"https:\/\/loongsurfaces.com\/wp-content\/uploads\/Quartz-White-Surface-with-Gold-Thin-Lines-China-Factory.jpg\" class=\"bg attachment-original size-original\" alt=\"\" \/>                        <div class=\"overlay\"><\/div>            \n                    <\/div>\n\t\t\n        <div class=\"banner-layers container\">\n            <div class=\"fill banner-link\"><\/div>            \n\n   <div id=\"text-box-584147459\" class=\"text-box banner-layer x50 md-x50 lg-x50 y25 md-y25 lg-y25 res-text\">\n                     <div data-animate=\"fadeInLeft\">           <div class=\"text-box-content text dark\">\n              \n              <div class=\"text-inner text-center\">\n                  \n\n\t<div id=\"text-1710664317\" class=\"text\">\n\t\t\n\n<h3 class=\"alt-font\">Pedra M\u00e1rmore<\/h3>\n<h3>Inspire-nos com suas ideias criativas para projetar a maneira como voc\u00ea sonha em viver. A Loong Stone pode implementar todas as suas ideias sobre m\u00e1rmore, quartzo e terrazzo.<\/h3>\n\t\t\n<style>\n#text-1710664317 {\n  color: #d26e4b;\n}\n#text-1710664317 > * {\n  color: #d26e4b;\n}\n<\/style>\n\t<\/div>\n\t\n<a href=\"https:\/\/loongsurfaces.com\/pt\/categoria-produto\/marble-stone\/\" class=\"button secondary is-outline lowercase\"  >\n\t\t<span>Ver mais<\/span>\n\t<i class=\"icon-angle-right\" aria-hidden=\"true\" ><\/i><\/a>\n\n\n\n              <\/div>\n           <\/div>\n       <\/div>                     \n<style>\n#text-box-584147459 {\n  width: 100%;\n}\n#text-box-584147459 .text-box-content {\n  font-size: 100%;\n}\n@media (min-width:550px) {\n  #text-box-584147459 {\n    width: 61%;\n  }\n}\n<\/style>\n    <\/div>\n \n\n        <\/div>\n      <\/div>\n\n            \n<style>\n#banner-570076260 {\n  padding-top: 600px;\n  background-color: rgb(255,255,255);\n}\n#banner-570076260 .overlay {\n  background-color: rgba(0, 0, 0, 0.02);\n}\n#banner-570076260 .banner-bg img {\n  object-position: 93% 55%;\n}\n<\/style>\n  <\/div>\n\n\n<div class=\"row\"  id=\"row-735453465\">\n\n\n\t<div id=\"col-745579898\" class=\"col small-12 large-12\"  >\n\t\t\t\t<div class=\"col-inner\"  >\n\t\t\t\n\t\t\t\n\n<p>Loong Stone is a leading stone supplier in China, dealing with granite, marble, travertine, slate, quartzite, basalt, sandstone, quartz, limestone, artificial marble and quartz.<\/p>\n<p>Our job is focused in commercial and residential construction, offering good quality + good price +good service, helping customers to discover perfect stone solutions. Our products are popular in America, Russia, Europe, Australia, Middle East and Africa around 50 countries and regions.<\/p>\n<p>Every year, we attend different exhibitions all over the world. Here are some exhibitions that we join from 2008 to 2024.<\/p>\n<div class=\"row\"  id=\"row-944019619\">\n\n\n\t<div id=\"col-260319519\" class=\"col medium-6 small-12 large-6\"  >\n\t\t\t\t<div class=\"col-inner\"  >\n\t\t\t\n\t\t\t\n\n<div class=\"fusion-title title fusion-title-3 fusion-sep-none fusion-title-text fusion-title-size-two\">\n<h3><span class=\"Y2IQFc\" lang=\"en\">ENVIE-NOS UMA MENSAGEM<\/span><\/h3>\n<p><span style=\"text-align: var(--text-align);\">Obtenha o pre\u00e7o de f\u00e1brica agora<br \/>Interessado em saber mais sobre oportunidades de parceria ou obter um or\u00e7amento? Preencha o formul\u00e1rio abaixo ou entre em contato conosco diretamente. Nossa equipe est\u00e1 pronta para ajudar voc\u00ea!<\/span><\/p>\n<\/div>\n\n<div class=\"wpcf7 no-js\" id=\"wpcf7-f8752-o1\" lang=\"en-US\" dir=\"ltr\" data-wpcf7-id=\"8752\">\n<div class=\"screen-reader-response\"><p role=\"status\" aria-live=\"polite\" aria-atomic=\"true\"><\/p> <ul><\/ul><\/div>\n<form action=\"\/pt\/wp-json\/wp\/v2\/pages\/8814#wpcf7-f8752-o1\" method=\"post\" class=\"wpcf7-form init\" aria-label=\"Contact form\" novalidate=\"novalidate\" data-status=\"init\" data-trp-original-action=\"\/pt\/wp-json\/wp\/v2\/pages\/8814#wpcf7-f8752-o1\">\n<fieldset class=\"hidden-fields-container\"><input type=\"hidden\" name=\"_wpcf7\" value=\"8752\" \/><input type=\"hidden\" name=\"_wpcf7_version\" value=\"6.1.1\" \/><input type=\"hidden\" name=\"_wpcf7_locale\" value=\"en_US\" \/><input type=\"hidden\" name=\"_wpcf7_unit_tag\" value=\"wpcf7-f8752-o1\" \/><input type=\"hidden\" name=\"_wpcf7_container_post\" value=\"0\" \/><input type=\"hidden\" name=\"_wpcf7_posted_data_hash\" value=\"\" \/><input type=\"hidden\" name=\"_wpcf7_recaptcha_response\" value=\"\" \/>\n<\/fieldset>\n<div class=\"form-flat\">\n\t<p><span class=\"wpcf7-form-control-wrap\" data-name=\"your-name\"><input size=\"40\" maxlength=\"400\" class=\"wpcf7-form-control wpcf7-text wpcf7-validates-as-required\" aria-required=\"true\" aria-invalid=\"false\" placeholder=\"Seu nome (obrigat\u00f3rio)\" value=\"\" type=\"text\" name=\"your-name\" \/><\/span><br \/>\n<span class=\"wpcf7-form-control-wrap\" data-name=\"your-email\"><input size=\"40\" maxlength=\"400\" class=\"wpcf7-form-control wpcf7-email wpcf7-validates-as-required wpcf7-text wpcf7-validates-as-email\" aria-required=\"true\" aria-invalid=\"false\" placeholder=\"Seu e-mail (obrigat\u00f3rio)\" value=\"\" type=\"email\" name=\"your-email\" \/><\/span>\n\t<\/p>\n\t<p><span class=\"wpcf7-form-control-wrap\" data-name=\"your-tels\"><input size=\"40\" maxlength=\"400\" class=\"wpcf7-form-control wpcf7-tel wpcf7-text wpcf7-validates-as-tel\" aria-invalid=\"false\" placeholder=\"Seu Tel (Opcional)\" value=\"\" type=\"tel\" name=\"your-tels\" \/><\/span>\n\t<\/p>\n\t<p><span class=\"wpcf7-form-control-wrap\" data-name=\"your-message\"><textarea cols=\"40\" rows=\"10\" maxlength=\"2000\" class=\"wpcf7-form-control wpcf7-textarea\" aria-invalid=\"false\" placeholder=\"Para obter o melhor resultado, recomendamos incluir os seguintes detalhes: - Autoapresenta\u00e7\u00e3o - Itens ou servi\u00e7os necess\u00e1rios - Quantidade necess\u00e1ria\" name=\"your-message\"><\/textarea><\/span>\n\t<\/p>\n\t<p>Consultoria empresarial:*<br \/>\n<span class=\"wpcf7-form-control-wrap\" data-name=\"checkbox\"><span class=\"wpcf7-form-control wpcf7-checkbox wpcf7-validates-as-required wpcf7-exclusive-checkbox\"><span class=\"wpcf7-list-item first\"><label><input type=\"checkbox\" name=\"checkbox\" value=\"Quotation\" \/><span class=\"wpcf7-list-item-label\">Cota\u00e7\u00e3o<\/span><\/label><\/span><span class=\"wpcf7-list-item\"><label><input type=\"checkbox\" name=\"checkbox\" value=\"Catalog\" \/><span class=\"wpcf7-list-item-label\">Cat\u00e1logo<\/span><\/label><\/span><span class=\"wpcf7-list-item\"><label><input type=\"checkbox\" name=\"checkbox\" value=\"Service Support\" \/><span class=\"wpcf7-list-item-label\">Suporte de servi\u00e7o<\/span><\/label><\/span><span class=\"wpcf7-list-item\"><label><input type=\"checkbox\" name=\"checkbox\" value=\"Project\" \/><span class=\"wpcf7-list-item-label\">Projeto<\/span><\/label><\/span><span class=\"wpcf7-list-item last\"><label><input type=\"checkbox\" name=\"checkbox\" value=\"I am interested in becoming an agent\" \/><span class=\"wpcf7-list-item-label\">Estou interessado em me tornar um agente<\/span><\/label><\/span><\/span><\/span><br \/>\n<input class=\"wpcf7-form-control wpcf7-submit has-spinner button\" type=\"submit\" value=\"Enviar\" \/>\n\t<\/p>\n<\/div><div class=\"wpcf7-response-output\" aria-hidden=\"true\"><\/div>\n<input type=\"hidden\" name=\"trp-form-language\" value=\"pt\"\/><\/form>\n<\/div>\n\n\n\n\t\t<\/div>\n\t\t\t\t\t<\/div>\n\n\t\n\n\t<div id=\"col-188410775\" class=\"col medium-6 small-12 large-6\"  >\n\t\t\t\t<div class=\"col-inner\"  >\n\t\t\t\n\t\t\t\n\n<div class=\"container section-title-container\">\n<h3>CONTATE-NOS<\/h3>\n<p><span style=\"text-align: var(--text-align);\">Se voc\u00ea tiver alguma d\u00favida sobre algum dos nossos produtos ou precisar entrar em contato por qualquer outro motivo, preencha o formul\u00e1rio abaixo e entraremos em contato com voc\u00ea o mais r\u00e1pido poss\u00edvel.<br \/><\/span><\/p>\n<p style=\"margin-bottom: 1.3em; color: #141313; font-family: Montserrat, sans-serif; font-size: medium; text-transform: none; white-space-collapse: collapse;\"><span style=\"font-weight: bolder;\">Ligue para n\u00f3s:<\/span>\u00a0<a style=\"background-color: transparent; touch-action: manipulation; color: #4ea3ed;\" href=\"https:\/\/api.whatsapp.com\/send?phone=8613902807851\" target=\"_blank\" rel=\"noopener\">+86 13902807851<\/a><br style=\"margin-bottom: 1.3em; color: #141313; font-family: Montserrat, sans-serif; font-size: medium; text-transform: none; white-space-collapse: collapse;\" \/><span style=\"font-weight: bolder;\">Envie-nos um e-mail:<\/span>\u00a0<a style=\"background-color: transparent; touch-action: manipulation; color: #4ea3ed;\" href=\"mailto:info@loongsurfaces.com\">+info@loongsurfaces.com<\/a><\/p>\n<p>Endere\u00e7o: Perto da Esta\u00e7\u00e3o de Pol\u00edcia de Tr\u00e2nsito de Xiadong, Silao TownYuncheng, cidade de Yunfu-527327, Guangdong, China<\/p>\n<p class=\"nitro-offscreen\" style=\"margin-bottom: 1.3em; color: #141313; font-family: Montserrat, sans-serif; font-size: medium; text-transform: none; white-space-collapse: collapse;\"><span style=\"font-weight: bolder;\">Base de produ\u00e7\u00e3o:<\/span>\u00a0Pa\u00eds de Shi Shan, cidade de Fo Shan, prov\u00edncia de Guangdong<\/p>\n<p class=\"nitro-offscreen\" style=\"margin-bottom: 1.3em; color: #141313; font-family: Montserrat, sans-serif; font-size: medium; text-transform: none; white-space-collapse: collapse;\"><span style=\"font-weight: bolder;\">Link amig\u00e1vel:<br \/><a style=\"background-color: transparent; touch-action: manipulation; color: #4ea3ed;\" href=\"https:\/\/loongsurfaces.com\/pt\/\">https:\/\/loongsurfaces.com<\/a><\/span><span style=\"font-weight: bolder;\"><br \/><a style=\"background-color: transparent; touch-action: manipulation; color: #4ea3ed;\" href=\"https:\/\/www.filodio.com\/\" target=\"_blank\" rel=\"noopener\">https:\/\/www.filodio.com<\/a><\/span><\/p>\n<\/div>\n<div class=\"social-icons follow-icons\" ><a href=\"https:\/\/www.facebook.com\/loongsurfaces\" target=\"_blank\" data-label=\"Facebook\" class=\"icon primary button circle facebook tooltip\" title=\"Follow on Facebook\" aria-label=\"Follow on Facebook\" rel=\"noopener nofollow\"><i class=\"icon-facebook\" ><\/i><\/a><a href=\"https:\/\/www.instagram.com\/loongsurfaces\/\" target=\"_blank\" data-label=\"Instagram\" class=\"icon primary button circle instagram tooltip\" title=\"Follow on Instagram\" aria-label=\"Follow on Instagram\" rel=\"noopener nofollow\"><i class=\"icon-instagram\" ><\/i><\/a><a href=\"https:\/\/www.tiktok.com\/@loongsurfaces\" target=\"_blank\" data-label=\"TikTok\" class=\"icon primary button circle tiktok tooltip\" title=\"Follow on TikTok\" aria-label=\"Follow on TikTok\" rel=\"noopener nofollow\"><i class=\"icon-tiktok\" ><\/i><\/a><a href=\"https:\/\/twitter.com\/loongsurfaces\" data-label=\"Twitter\" target=\"_blank\" class=\"icon primary button circle twitter tooltip\" title=\"Follow on Twitter\" aria-label=\"Follow on Twitter\" rel=\"noopener nofollow\"><i class=\"icon-twitter\" ><\/i><\/a><a href=\"https:\/\/www.pinterest.com\/loongsurfaces\" data-label=\"Pinterest\" target=\"_blank\" class=\"icon primary button circle pinterest tooltip\" title=\"Follow on Pinterest\" aria-label=\"Follow on Pinterest\" rel=\"noopener nofollow\"><i class=\"icon-pinterest\" ><\/i><\/a><a href=\"https:\/\/www.linkedin.com\/company\/loongsurfaces\" data-label=\"LinkedIn\" target=\"_blank\" class=\"icon primary button circle linkedin tooltip\" title=\"Follow on LinkedIn\" aria-label=\"Follow on LinkedIn\" rel=\"noopener nofollow\"><i class=\"icon-linkedin\" ><\/i><\/a><a href=\"https:\/\/www.youtube.com\/@loongsurfaces\" data-label=\"YouTube\" target=\"_blank\" class=\"icon primary button circle youtube tooltip\" title=\"Follow on YouTube\" aria-label=\"Follow on YouTube\" rel=\"noopener nofollow\"><i class=\"icon-youtube\" ><\/i><\/a><\/div>\n\n\n\t\t<\/div>\n\t\t\t\t\t<\/div>\n\n\t\n\n<\/div>\n\n\t\t<\/div>\n\t\t\t\t\t<\/div>\n\n\t\n\n<\/div>","protected":false},"excerpt":{"rendered":"","protected":false},"author":2,"featured_media":0,"parent":0,"menu_order":0,"comment_status":"closed","ping_status":"closed","template":"page-blank.php","meta":{"_acf_changed":false,"footnotes":""},"class_list":["post-8814","page","type-page","status-publish","hentry"],"acf":[],"_hostinger_reach_plugin_has_subscription_block":false,"_hostinger_reach_plugin_is_elementor":false,"_links":{"self":[{"href":"https:\/\/loongsurfaces.com\/pt\/wp-json\/wp\/v2\/pages\/8814","targetHints":{"allow":["GET"]}}],"collection":[{"href":"https:\/\/loongsurfaces.com\/pt\/wp-json\/wp\/v2\/pages"}],"about":[{"href":"https:\/\/loongsurfaces.com\/pt\/wp-json\/wp\/v2\/types\/page"}],"author":[{"embeddable":true,"href":"https:\/\/loongsurfaces.com\/pt\/wp-json\/wp\/v2\/users\/2"}],"replies":[{"embeddable":true,"href":"https:\/\/loongsurfaces.com\/pt\/wp-json\/wp\/v2\/comments?post=8814"}],"version-history":[{"count":3,"href":"https:\/\/loongsurfaces.com\/pt\/wp-json\/wp\/v2\/pages\/8814\/revisions"}],"predecessor-version":[{"id":9306,"href":"https:\/\/loongsurfaces.com\/pt\/wp-json\/wp\/v2\/pages\/8814\/revisions\/9306"}],"wp:attachment":[{"href":"https:\/\/loongsurfaces.com\/pt\/wp-json\/wp\/v2\/media?parent=8814"}],"curies":[{"name":"wp","href":"https:\/\/api.w.org\/{rel}","templated":true}]}}