{"id":9377,"date":"2024-11-29T15:15:26","date_gmt":"2024-11-29T07:15:26","guid":{"rendered":"https:\/\/loongsurfaces.com\/?post_type=product&#038;p=9377"},"modified":"2024-11-29T15:36:49","modified_gmt":"2024-11-29T07:36:49","slug":"golden-silk-engineered-stone-countertop-fabrication-table-china","status":"publish","type":"product","link":"https:\/\/loongsurfaces.com\/pt\/produto\/golden-silk-engineered-stone-countertop-fabrication-table-china\/","title":{"rendered":"Golden Silk Engineered Stone Countertop Fabrication Table China"},"content":{"rendered":"<p><img loading=\"lazy\" decoding=\"async\" class=\"alignnone size-medium wp-image-9380\" src=\"https:\/\/loongsurfaces.com\/wp-content\/uploads\/Golden-Silk-Engineered-Stone-Countertop-Fabrication-Table-China-400x400.jpg\" alt=\"\" width=\"400\" height=\"400\" srcset=\"https:\/\/loongsurfaces.com\/wp-content\/uploads\/Golden-Silk-Engineered-Stone-Countertop-Fabrication-Table-China-400x400.jpg 400w, https:\/\/loongsurfaces.com\/wp-content\/uploads\/Golden-Silk-Engineered-Stone-Countertop-Fabrication-Table-China-100x100.jpg 100w, https:\/\/loongsurfaces.com\/wp-content\/uploads\/Golden-Silk-Engineered-Stone-Countertop-Fabrication-Table-China-510x510.jpg 510w, https:\/\/loongsurfaces.com\/wp-content\/uploads\/Golden-Silk-Engineered-Stone-Countertop-Fabrication-Table-China-280x280.jpg 280w, https:\/\/loongsurfaces.com\/wp-content\/uploads\/Golden-Silk-Engineered-Stone-Countertop-Fabrication-Table-China-768x768.jpg 768w, https:\/\/loongsurfaces.com\/wp-content\/uploads\/Golden-Silk-Engineered-Stone-Countertop-Fabrication-Table-China-12x12.jpg 12w, https:\/\/loongsurfaces.com\/wp-content\/uploads\/Golden-Silk-Engineered-Stone-Countertop-Fabrication-Table-China.jpg 800w\" sizes=\"auto, (max-width: 400px) 100vw, 400px\" \/><\/p>\n<p><a href=\"https:\/\/loongsurfaces.com\/pt\/engineered-marble\/\">Engineered stone<\/a> offers a multitude of advantages that make it a highly favored material in various applications, including countertops, flooring, and decorative elements.<\/p>\n<p>Consistency in Appearance: Unlike natural stone, which can vary widely in color, texture, and pattern from one piece to another, artificial stone offers consistent aesthetics. This ensures a uniform look throughout your project, enhancing its overall visual appeal.<\/p>\n<p>Artificial stone combines durability, aesthetic appeal, customizability, ease of maintenance, making it a versatile and highly desirable material for a multitude of projects.<\/p>\n<p>A Loong Stone, formada por uma equipe jovem de participantes vibrantes e criativos no setor de pedras, que se dedicam a m\u00e1rmore, granito, \u00f4nix, pedras artificiais, superf\u00edcies de quartzo, terrazzo, mosaicos de m\u00e1rmore e pedras sinterizadas h\u00e1 15 anos, \u00e9 sua parceira de neg\u00f3cios mais confi\u00e1vel para toda a linha de solu\u00e7\u00f5es em pedras.<\/p>\n<p>Temos uma base de produ\u00e7\u00e3o profissional pr\u00f3pria em larga escala, onde podemos cortar qualquer laje de pedra original e torn\u00e1-la em qualquer tipo de formato que voc\u00ea queira fisicamente. Com cortadores lineares infravermelhos, cortadores de furos CNC, jatos de \u00e1gua, chanfradores de esquadria, perfiladores de bordas e polidores de acabamento de bordas combinados com nossa equipe qualificada, somos capazes de cumprir e implementar suas ideias completamente. O que precisamos \u00e9 apenas de seus desenhos detalhados ou mesmo ideias criativas!<\/p>","protected":false},"excerpt":{"rendered":"<table style=\"height: 289px;\" width=\"417\">\n<tbody>\n<tr>\n<td width=\"127\">Brand\uff1a<\/td>\n<td style=\"text-align: left;\" width=\"405\">LOONG STONE<\/td>\n<\/tr>\n<tr>\n<td width=\"127\">Material\uff1a<\/td>\n<td style=\"text-align: left;\" width=\"405\">Engineered Stone<\/td>\n<\/tr>\n<tr>\n<td width=\"127\">SKU\uff1a<\/td>\n<td style=\"text-align: left;\" width=\"405\">GSBY-JS7329<\/td>\n<\/tr>\n<tr>\n<td width=\"127\">Color\uff1a<\/td>\n<td style=\"text-align: left;\" width=\"405\">White; Gold<\/td>\n<\/tr>\n<tr>\n<td width=\"127\">Product:<\/td>\n<td style=\"text-align: left;\" width=\"405\">Dry-hangs, Cut-to-Sizes, Panels, Slabs, Tops, Blocks, Pavings, Kerbs, etc<\/td>\n<\/tr>\n<tr>\n<td width=\"127\">Size\uff08mm\uff09\uff1a<\/td>\n<td style=\"text-align: left;\" width=\"405\">L3200mm*W1600mm, L3000mm*W1400mm<\/td>\n<\/tr>\n<tr>\n<td width=\"127\">Thickness(mm)<\/td>\n<td style=\"text-align: left;\" width=\"405\">6mm, 9mm, 12mm, 15mm<\/td>\n<\/tr>\n<tr>\n<td width=\"127\">Finish Type\uff1a<\/td>\n<td style=\"text-align: left;\" width=\"405\">Polished \/ Matt<\/td>\n<\/tr>\n<tr>\n<td width=\"127\">Application:<\/td>\n<td style=\"text-align: left;\" width=\"405\">Vanity Tops, Wall Veneer, Commercial Flooring, Stairs, Window Sills<\/td>\n<\/tr>\n<tr>\n<td width=\"127\">Origin:<\/td>\n<td style=\"text-align: left;\" width=\"405\">China<\/td>\n<\/tr>\n<\/tbody>\n<\/table>\n\t<a class=\"paoc-popup-click paoc-popup-cust-6537 paoc-popup-button paoc-popup-btn\" href=\"javascript:void(0);\">Contact  US<\/a>\r\n\u00a0 \u00a0 \u00a0 \u00a0 \u00a0 \u00a0<a href=\"https:\/\/api.whatsapp.com\/send?phone=8617708695534\"><img loading=\"lazy\" decoding=\"async\" class=\"alignnone size-full wp-image-6536\" src=\"https:\/\/loongsurfaces.com\/wp-content\/uploads\/2022\/11\/WhatsApp-8613902807851.png\" alt=\"\" width=\"150\" height=\"35\" \/><\/a><\/p>","protected":false},"featured_media":9380,"template":"","meta":{"_acf_changed":false},"product_brand":[],"product_cat":[76,135],"product_tag":[],"class_list":{"0":"post-9377","1":"product","2":"type-product","3":"status-publish","4":"has-post-thumbnail","6":"product_cat-all-products","7":"product_cat-engineered-marble","9":"first","10":"instock","11":"shipping-taxable","12":"product-type-simple"},"acf":[],"_links":{"self":[{"href":"https:\/\/loongsurfaces.com\/pt\/wp-json\/wp\/v2\/product\/9377","targetHints":{"allow":["GET"]}}],"collection":[{"href":"https:\/\/loongsurfaces.com\/pt\/wp-json\/wp\/v2\/product"}],"about":[{"href":"https:\/\/loongsurfaces.com\/pt\/wp-json\/wp\/v2\/types\/product"}],"wp:featuredmedia":[{"embeddable":true,"href":"https:\/\/loongsurfaces.com\/pt\/wp-json\/wp\/v2\/media\/9380"}],"wp:attachment":[{"href":"https:\/\/loongsurfaces.com\/pt\/wp-json\/wp\/v2\/media?parent=9377"}],"wp:term":[{"taxonomy":"product_brand","embeddable":true,"href":"https:\/\/loongsurfaces.com\/pt\/wp-json\/wp\/v2\/product_brand?post=9377"},{"taxonomy":"product_cat","embeddable":true,"href":"https:\/\/loongsurfaces.com\/pt\/wp-json\/wp\/v2\/product_cat?post=9377"},{"taxonomy":"product_tag","embeddable":true,"href":"https:\/\/loongsurfaces.com\/pt\/wp-json\/wp\/v2\/product_tag?post=9377"}],"curies":[{"name":"wp","href":"https:\/\/api.w.org\/{rel}","templated":true}]}}